{"id":14790,"date":"2026-04-08T06:18:08","date_gmt":"2026-04-08T06:18:08","guid":{"rendered":"https:\/\/ferruzca.amarilio.net\/?post_type=product&#038;p=14790"},"modified":"2026-04-08T07:07:27","modified_gmt":"2026-04-08T07:07:27","slug":"cable-control-jb-500","status":"publish","type":"product","link":"https:\/\/ferruzca.amarilio.net\/en\/product\/cable-control-jb-500\/","title":{"rendered":"CABLE CONTROL JB-500"},"content":{"rendered":"<p>Estos cables se utilizan de forma flexible bajo tensiones mec\u00e1nicas medias, con libertad de movimiento sin tensi\u00f3n de tracci\u00f3n ni movimientos forzados en espacios secos y h\u00famedos, pero no son aptos para exteriores, como cables de medici\u00f3n y control en m\u00e1quinas herramienta, cintas transportadoras, l\u00edneas de producci\u00f3n en la fabricaci\u00f3n de maquinaria, en sistemas de aire acondicionado y en la producci\u00f3n de acero. Los compuestos de PVC seleccionados garantizan una buena flexibilidad, as\u00ed como una instalaci\u00f3n econ\u00f3mica y r\u00e1pida.<\/p>","protected":false},"excerpt":{"rendered":"<p>Estos cables se utilizan de forma flexible bajo tensiones mec\u00e1nicas medias, con libertad de movimiento [&hellip;]<\/p>\n","protected":false},"featured_media":14803,"comment_status":"open","ping_status":"closed","template":"","meta":[],"product_brand":[141],"product_cat":[372],"product_tag":[],"class_list":{"0":"post-14790","1":"product","2":"type-product","3":"status-publish","4":"has-post-thumbnail","6":"product_brand-helukabel","7":"product_cat-cable-control","9":"first","10":"instock","11":"shipping-taxable","12":"purchasable","13":"product-type-variable"},"_links":{"self":[{"href":"https:\/\/ferruzca.amarilio.net\/en\/wp-json\/wp\/v2\/product\/14790","targetHints":{"allow":["GET"]}}],"collection":[{"href":"https:\/\/ferruzca.amarilio.net\/en\/wp-json\/wp\/v2\/product"}],"about":[{"href":"https:\/\/ferruzca.amarilio.net\/en\/wp-json\/wp\/v2\/types\/product"}],"replies":[{"embeddable":true,"href":"https:\/\/ferruzca.amarilio.net\/en\/wp-json\/wp\/v2\/comments?post=14790"}],"wp:featuredmedia":[{"embeddable":true,"href":"https:\/\/ferruzca.amarilio.net\/en\/wp-json\/wp\/v2\/media\/14803"}],"wp:attachment":[{"href":"https:\/\/ferruzca.amarilio.net\/en\/wp-json\/wp\/v2\/media?parent=14790"}],"wp:term":[{"taxonomy":"product_brand","embeddable":true,"href":"https:\/\/ferruzca.amarilio.net\/en\/wp-json\/wp\/v2\/product_brand?post=14790"},{"taxonomy":"product_cat","embeddable":true,"href":"https:\/\/ferruzca.amarilio.net\/en\/wp-json\/wp\/v2\/product_cat?post=14790"},{"taxonomy":"product_tag","embeddable":true,"href":"https:\/\/ferruzca.amarilio.net\/en\/wp-json\/wp\/v2\/product_tag?post=14790"}],"curies":[{"name":"wp","href":"https:\/\/api.w.org\/{rel}","templated":true}]}}