{"id":14172,"date":"2026-03-19T07:44:32","date_gmt":"2026-03-19T07:44:32","guid":{"rendered":"https:\/\/ferruzca.amarilio.net\/product\/esb25-40n-04\/"},"modified":"2026-04-08T22:50:52","modified_gmt":"2026-04-08T22:50:52","slug":"esb25-40n-04","status":"publish","type":"product","link":"https:\/\/ferruzca.amarilio.net\/en\/product\/esb25-40n-04\/","title":{"rendered":"ESB25-40N-04"},"content":{"rendered":"<p>Los contactores de instalaci\u00f3n ESB&#8230;N se utilizan para controlar cargas monof\u00e1sicas de 16 A hasta 100 A y pueden funcionar con tensi\u00f3n CA o CD, hechos para su uso en aplicaciones dom\u00e9sticas y en entornos industriales.<\/p>","protected":false},"excerpt":{"rendered":"<p>Contactores de instalaci\u00f3n (NO) 25 A &#8211; 4 NO &#8211; 0 NC &#8211; 110 &#8230; 120 V &#8211; Cicuito de control 400 Hz<\/p>","protected":false},"featured_media":14426,"comment_status":"open","ping_status":"closed","template":"","meta":[],"product_brand":[143],"product_cat":[368],"product_tag":[489,492,425,491,490],"class_list":{"0":"post-14172","1":"product","2":"type-product","3":"status-publish","4":"has-post-thumbnail","6":"product_brand-abb","7":"product_cat-contactores","8":"product_tag-contactor","9":"product_tag-contactor-de-arranque","10":"product_tag-contactor-modular","11":"product_tag-contactor-relevador-control","12":"product_tag-contactores-de-instalacion","14":"first","15":"instock","16":"sale","17":"shipping-taxable","18":"purchasable","19":"product-type-simple"},"_links":{"self":[{"href":"https:\/\/ferruzca.amarilio.net\/en\/wp-json\/wp\/v2\/product\/14172","targetHints":{"allow":["GET"]}}],"collection":[{"href":"https:\/\/ferruzca.amarilio.net\/en\/wp-json\/wp\/v2\/product"}],"about":[{"href":"https:\/\/ferruzca.amarilio.net\/en\/wp-json\/wp\/v2\/types\/product"}],"replies":[{"embeddable":true,"href":"https:\/\/ferruzca.amarilio.net\/en\/wp-json\/wp\/v2\/comments?post=14172"}],"wp:featuredmedia":[{"embeddable":true,"href":"https:\/\/ferruzca.amarilio.net\/en\/wp-json\/wp\/v2\/media\/14426"}],"wp:attachment":[{"href":"https:\/\/ferruzca.amarilio.net\/en\/wp-json\/wp\/v2\/media?parent=14172"}],"wp:term":[{"taxonomy":"product_brand","embeddable":true,"href":"https:\/\/ferruzca.amarilio.net\/en\/wp-json\/wp\/v2\/product_brand?post=14172"},{"taxonomy":"product_cat","embeddable":true,"href":"https:\/\/ferruzca.amarilio.net\/en\/wp-json\/wp\/v2\/product_cat?post=14172"},{"taxonomy":"product_tag","embeddable":true,"href":"https:\/\/ferruzca.amarilio.net\/en\/wp-json\/wp\/v2\/product_tag?post=14172"}],"curies":[{"name":"wp","href":"https:\/\/api.w.org\/{rel}","templated":true}]}}