{"id":14170,"date":"2026-03-19T07:44:27","date_gmt":"2026-03-19T07:44:27","guid":{"rendered":"https:\/\/ferruzca.amarilio.net\/product\/bw340tpn\/"},"modified":"2026-04-08T22:50:46","modified_gmt":"2026-04-08T22:50:46","slug":"bw340tpn","status":"publish","type":"product","link":"https:\/\/ferruzca.amarilio.net\/en\/product\/bw340tpn\/","title":{"rendered":"BW340TPN"},"content":{"rendered":"<p>Caja de pl\u00e1stico. IP65. Manija lateral gris. Cubierta con bloqueo. La carcasa de los interruptores encerrados controlados lateralmente de ABB est\u00e1 hecha de policarbonato r\u00edgido. La carcasa est\u00e1 protegida contra rayos UV y contra chorros de agua a baja presi\u00f3n (IP65), por lo que est\u00e1 dise\u00f1ada para uso en interiores y exteriores. La manija se puede bloquear con candado y est\u00e1 dise\u00f1ada para un candado. La cubierta tiene bloqueo. El interruptor est\u00e1 dise\u00f1ado para sistema de 4 hilos y cuenta con un terminal neutro fijo y un terminal PE.<\/p>","protected":false},"excerpt":{"rendered":"<p>INTERRUPTOR DE SEGURIDAD EN GABINETE 3 POLOS 40 A GRIS IP67<\/p>","protected":false},"featured_media":14737,"comment_status":"open","ping_status":"closed","template":"","meta":[],"product_brand":[143],"product_cat":[347],"product_tag":[480],"class_list":{"0":"post-14170","1":"product","2":"type-product","3":"status-publish","4":"has-post-thumbnail","6":"product_brand-abb","7":"product_cat-distribucion-de-potencia-y-proteccion-electrica","8":"product_tag-desconectador-en-gabinete","10":"first","11":"instock","12":"sale","13":"shipping-taxable","14":"purchasable","15":"product-type-simple"},"_links":{"self":[{"href":"https:\/\/ferruzca.amarilio.net\/en\/wp-json\/wp\/v2\/product\/14170","targetHints":{"allow":["GET"]}}],"collection":[{"href":"https:\/\/ferruzca.amarilio.net\/en\/wp-json\/wp\/v2\/product"}],"about":[{"href":"https:\/\/ferruzca.amarilio.net\/en\/wp-json\/wp\/v2\/types\/product"}],"replies":[{"embeddable":true,"href":"https:\/\/ferruzca.amarilio.net\/en\/wp-json\/wp\/v2\/comments?post=14170"}],"wp:featuredmedia":[{"embeddable":true,"href":"https:\/\/ferruzca.amarilio.net\/en\/wp-json\/wp\/v2\/media\/14737"}],"wp:attachment":[{"href":"https:\/\/ferruzca.amarilio.net\/en\/wp-json\/wp\/v2\/media?parent=14170"}],"wp:term":[{"taxonomy":"product_brand","embeddable":true,"href":"https:\/\/ferruzca.amarilio.net\/en\/wp-json\/wp\/v2\/product_brand?post=14170"},{"taxonomy":"product_cat","embeddable":true,"href":"https:\/\/ferruzca.amarilio.net\/en\/wp-json\/wp\/v2\/product_cat?post=14170"},{"taxonomy":"product_tag","embeddable":true,"href":"https:\/\/ferruzca.amarilio.net\/en\/wp-json\/wp\/v2\/product_tag?post=14170"}],"curies":[{"name":"wp","href":"https:\/\/api.w.org\/{rel}","templated":true}]}}