{"id":14156,"date":"2026-03-19T07:44:13","date_gmt":"2026-03-19T07:44:13","guid":{"rendered":"https:\/\/ferruzca.amarilio.net\/product\/a3t70\/"},"modified":"2026-04-08T22:50:37","modified_gmt":"2026-04-08T22:50:37","slug":"a3t70","status":"publish","type":"product","link":"https:\/\/ferruzca.amarilio.net\/en\/product\/a3t70\/","title":{"rendered":"A3T70"},"content":{"rendered":"<p>Los fusibles A3T Clase T de acci\u00f3n r\u00e1pida combinan dos caracter\u00edsticas muy deseables: alta limitaci\u00f3n de corriente y tama\u00f1o compacto. Sus dimensiones \u00fanicas impiden la sustituci\u00f3n por otros fusibles con menor tensi\u00f3n nominal o capacidad de limitaci\u00f3n de corriente. Estos fusibles cuentan con cuerpos de melamina de vidrio para una estabilidad dimensional superior y n\u00fameros de cat\u00e1logo grabados en las l\u00e1minas para una identificaci\u00f3n permanente.<\/p>","protected":false},"excerpt":{"rendered":"<p>FUSIBLE ACCION RAPIDA 70A 300 V<\/p>","protected":false},"featured_media":14745,"comment_status":"open","ping_status":"closed","template":"","meta":[],"product_brand":[127],"product_cat":[366],"product_tag":[452],"class_list":{"0":"post-14156","1":"product","2":"type-product","3":"status-publish","4":"has-post-thumbnail","6":"product_brand-mersen","7":"product_cat-fusibles","8":"product_tag-fusible-accion-rapida","10":"first","11":"instock","12":"sale","13":"shipping-taxable","14":"purchasable","15":"product-type-simple"},"_links":{"self":[{"href":"https:\/\/ferruzca.amarilio.net\/en\/wp-json\/wp\/v2\/product\/14156","targetHints":{"allow":["GET"]}}],"collection":[{"href":"https:\/\/ferruzca.amarilio.net\/en\/wp-json\/wp\/v2\/product"}],"about":[{"href":"https:\/\/ferruzca.amarilio.net\/en\/wp-json\/wp\/v2\/types\/product"}],"replies":[{"embeddable":true,"href":"https:\/\/ferruzca.amarilio.net\/en\/wp-json\/wp\/v2\/comments?post=14156"}],"wp:featuredmedia":[{"embeddable":true,"href":"https:\/\/ferruzca.amarilio.net\/en\/wp-json\/wp\/v2\/media\/14745"}],"wp:attachment":[{"href":"https:\/\/ferruzca.amarilio.net\/en\/wp-json\/wp\/v2\/media?parent=14156"}],"wp:term":[{"taxonomy":"product_brand","embeddable":true,"href":"https:\/\/ferruzca.amarilio.net\/en\/wp-json\/wp\/v2\/product_brand?post=14156"},{"taxonomy":"product_cat","embeddable":true,"href":"https:\/\/ferruzca.amarilio.net\/en\/wp-json\/wp\/v2\/product_cat?post=14156"},{"taxonomy":"product_tag","embeddable":true,"href":"https:\/\/ferruzca.amarilio.net\/en\/wp-json\/wp\/v2\/product_tag?post=14156"}],"curies":[{"name":"wp","href":"https:\/\/api.w.org\/{rel}","templated":true}]}}