{"id":14118,"date":"2026-03-19T07:44:01","date_gmt":"2026-03-19T07:44:01","guid":{"rendered":"https:\/\/ferruzca.amarilio.net\/product\/a15qs5-2\/"},"modified":"2026-04-08T22:50:35","modified_gmt":"2026-04-08T22:50:35","slug":"a15qs5-2","status":"publish","type":"product","link":"https:\/\/ferruzca.amarilio.net\/en\/product\/a15qs5-2\/","title":{"rendered":"A15QS5-2"},"content":{"rendered":"<p>Los fusibles de alta velocidad A15QS Amp-Trap\u00ae Form 101 se dise\u00f1aron para la protecci\u00f3n espec\u00edfica de diodos y otros dispositivos semiconductores con una tensi\u00f3n nominal de 150 V CA\/CC. El dise\u00f1o compacto de la l\u00ednea de productos A15QS es ideal para aplicaciones con limitaciones de espacio.<\/p>","protected":false},"excerpt":{"rendered":"<p>FUSIBLE SEMICONDUCTOR ACCION RAPIDA 5A 150V<\/p>","protected":false},"featured_media":14817,"comment_status":"open","ping_status":"closed","template":"","meta":[],"product_brand":[127],"product_cat":[366],"product_tag":[452],"class_list":{"0":"post-14118","1":"product","2":"type-product","3":"status-publish","4":"has-post-thumbnail","6":"product_brand-mersen","7":"product_cat-fusibles","8":"product_tag-fusible-accion-rapida","10":"first","11":"instock","12":"sale","13":"shipping-taxable","14":"purchasable","15":"product-type-simple"},"_links":{"self":[{"href":"https:\/\/ferruzca.amarilio.net\/en\/wp-json\/wp\/v2\/product\/14118","targetHints":{"allow":["GET"]}}],"collection":[{"href":"https:\/\/ferruzca.amarilio.net\/en\/wp-json\/wp\/v2\/product"}],"about":[{"href":"https:\/\/ferruzca.amarilio.net\/en\/wp-json\/wp\/v2\/types\/product"}],"replies":[{"embeddable":true,"href":"https:\/\/ferruzca.amarilio.net\/en\/wp-json\/wp\/v2\/comments?post=14118"}],"wp:featuredmedia":[{"embeddable":true,"href":"https:\/\/ferruzca.amarilio.net\/en\/wp-json\/wp\/v2\/media\/14817"}],"wp:attachment":[{"href":"https:\/\/ferruzca.amarilio.net\/en\/wp-json\/wp\/v2\/media?parent=14118"}],"wp:term":[{"taxonomy":"product_brand","embeddable":true,"href":"https:\/\/ferruzca.amarilio.net\/en\/wp-json\/wp\/v2\/product_brand?post=14118"},{"taxonomy":"product_cat","embeddable":true,"href":"https:\/\/ferruzca.amarilio.net\/en\/wp-json\/wp\/v2\/product_cat?post=14118"},{"taxonomy":"product_tag","embeddable":true,"href":"https:\/\/ferruzca.amarilio.net\/en\/wp-json\/wp\/v2\/product_tag?post=14118"}],"curies":[{"name":"wp","href":"https:\/\/api.w.org\/{rel}","templated":true}]}}