{"id":14115,"date":"2026-03-19T07:44:00","date_gmt":"2026-03-19T07:44:00","guid":{"rendered":"https:\/\/ferruzca.amarilio.net\/product\/ots50\/"},"modified":"2026-04-08T22:50:34","modified_gmt":"2026-04-08T22:50:34","slug":"ots50","status":"publish","type":"product","link":"https:\/\/ferruzca.amarilio.net\/en\/product\/ots50\/","title":{"rendered":"OTS50"},"content":{"rendered":"<p>Los fusibles OTS de un solo uso para uso general ofrecen protecci\u00f3n econ\u00f3mica para circuitos de alimentaci\u00f3n y derivados que alimentan iluminaci\u00f3n, calefacci\u00f3n y otras cargas no motorizadas. Los fusibles OTS interrumpen de forma segura corrientes de cortocircuito disponibles de hasta 50 000 amperios en todas las clasificaciones. Los fusibles OTS no son fusibles de rechazo; por lo tanto, se debe tener cuidado de asegurar que los fusibles de reemplazo no tengan una capacidad de interrupci\u00f3n inferior a la de los fusibles originales.<\/p>","protected":false},"excerpt":{"rendered":"<p>FUSIBLE ACCION RAPIDA 50A 600V<\/p>","protected":false},"featured_media":14820,"comment_status":"open","ping_status":"closed","template":"","meta":[],"product_brand":[127],"product_cat":[366],"product_tag":[452],"class_list":{"0":"post-14115","1":"product","2":"type-product","3":"status-publish","4":"has-post-thumbnail","6":"product_brand-mersen","7":"product_cat-fusibles","8":"product_tag-fusible-accion-rapida","10":"first","11":"instock","12":"sale","13":"shipping-taxable","14":"purchasable","15":"product-type-simple"},"_links":{"self":[{"href":"https:\/\/ferruzca.amarilio.net\/en\/wp-json\/wp\/v2\/product\/14115","targetHints":{"allow":["GET"]}}],"collection":[{"href":"https:\/\/ferruzca.amarilio.net\/en\/wp-json\/wp\/v2\/product"}],"about":[{"href":"https:\/\/ferruzca.amarilio.net\/en\/wp-json\/wp\/v2\/types\/product"}],"replies":[{"embeddable":true,"href":"https:\/\/ferruzca.amarilio.net\/en\/wp-json\/wp\/v2\/comments?post=14115"}],"wp:featuredmedia":[{"embeddable":true,"href":"https:\/\/ferruzca.amarilio.net\/en\/wp-json\/wp\/v2\/media\/14820"}],"wp:attachment":[{"href":"https:\/\/ferruzca.amarilio.net\/en\/wp-json\/wp\/v2\/media?parent=14115"}],"wp:term":[{"taxonomy":"product_brand","embeddable":true,"href":"https:\/\/ferruzca.amarilio.net\/en\/wp-json\/wp\/v2\/product_brand?post=14115"},{"taxonomy":"product_cat","embeddable":true,"href":"https:\/\/ferruzca.amarilio.net\/en\/wp-json\/wp\/v2\/product_cat?post=14115"},{"taxonomy":"product_tag","embeddable":true,"href":"https:\/\/ferruzca.amarilio.net\/en\/wp-json\/wp\/v2\/product_tag?post=14115"}],"curies":[{"name":"wp","href":"https:\/\/api.w.org\/{rel}","templated":true}]}}