{"id":14095,"date":"2026-03-19T07:43:55","date_gmt":"2026-03-19T07:43:55","guid":{"rendered":"https:\/\/ferruzca.amarilio.net\/product\/otm20\/"},"modified":"2026-04-08T22:50:34","modified_gmt":"2026-04-08T22:50:34","slug":"otm20","status":"publish","type":"product","link":"https:\/\/ferruzca.amarilio.net\/en\/product\/otm20\/","title":{"rendered":"OTM20"},"content":{"rendered":"<p>Los fusibles mini OTM de un solo uso brindan protecci\u00f3n de bajo costo para iluminaci\u00f3n, calefacci\u00f3n, circuitos de control, etc. de uso general de 250 VCA donde no se requiere retardo de tiempo. (No para protecci\u00f3n de circuitos derivados).<\/p>","protected":false},"excerpt":{"rendered":"<p>FUSIBLE ACCION RAPIDA 20A 250 VAC<\/p>","protected":false},"featured_media":14840,"comment_status":"open","ping_status":"closed","template":"","meta":[],"product_brand":[127],"product_cat":[366],"product_tag":[452],"class_list":{"0":"post-14095","1":"product","2":"type-product","3":"status-publish","4":"has-post-thumbnail","6":"product_brand-mersen","7":"product_cat-fusibles","8":"product_tag-fusible-accion-rapida","10":"first","11":"instock","12":"sale","13":"shipping-taxable","14":"purchasable","15":"product-type-simple"},"_links":{"self":[{"href":"https:\/\/ferruzca.amarilio.net\/en\/wp-json\/wp\/v2\/product\/14095","targetHints":{"allow":["GET"]}}],"collection":[{"href":"https:\/\/ferruzca.amarilio.net\/en\/wp-json\/wp\/v2\/product"}],"about":[{"href":"https:\/\/ferruzca.amarilio.net\/en\/wp-json\/wp\/v2\/types\/product"}],"replies":[{"embeddable":true,"href":"https:\/\/ferruzca.amarilio.net\/en\/wp-json\/wp\/v2\/comments?post=14095"}],"wp:featuredmedia":[{"embeddable":true,"href":"https:\/\/ferruzca.amarilio.net\/en\/wp-json\/wp\/v2\/media\/14840"}],"wp:attachment":[{"href":"https:\/\/ferruzca.amarilio.net\/en\/wp-json\/wp\/v2\/media?parent=14095"}],"wp:term":[{"taxonomy":"product_brand","embeddable":true,"href":"https:\/\/ferruzca.amarilio.net\/en\/wp-json\/wp\/v2\/product_brand?post=14095"},{"taxonomy":"product_cat","embeddable":true,"href":"https:\/\/ferruzca.amarilio.net\/en\/wp-json\/wp\/v2\/product_cat?post=14095"},{"taxonomy":"product_tag","embeddable":true,"href":"https:\/\/ferruzca.amarilio.net\/en\/wp-json\/wp\/v2\/product_tag?post=14095"}],"curies":[{"name":"wp","href":"https:\/\/api.w.org\/{rel}","templated":true}]}}