{"id":14069,"date":"2026-03-19T07:43:47","date_gmt":"2026-03-19T07:43:47","guid":{"rendered":"https:\/\/ferruzca.amarilio.net\/product\/sr2-srn4315067396k\/"},"modified":"2026-04-09T00:04:59","modified_gmt":"2026-04-09T00:04:59","slug":"sr2-srn4315067396k","status":"publish","type":"product","link":"https:\/\/ferruzca.amarilio.net\/en\/product\/sr2-srn4315067396k\/","title":{"rendered":"SR2-SRN4315067396K"},"content":{"rendered":"<p>Gabinetes Modulares utilizados para alojar toda la gama System pro M compact para Distribuci\u00f3n de Potencia y Control. Con una capacidad desde 2 hasta 216 m\u00f3dulos y hasta 400 A. Opciones sin puerta y con puerta; para sobreponer y empotrar. Con Grados de Protecci\u00f3n IP 40, IP 55 e IP 66.<\/p>","protected":false},"excerpt":{"rendered":"<p>Gabinete SRN4315K + Tmax XT1C 80A 3 Polos con Terminales p\/cable (1&#215;70 mm2)<\/p>","protected":false},"featured_media":14847,"comment_status":"open","ping_status":"closed","template":"","meta":[],"product_brand":[143],"product_cat":[358],"product_tag":[471],"class_list":{"0":"post-14069","1":"product","2":"type-product","3":"status-publish","4":"has-post-thumbnail","6":"product_brand-abb","7":"product_cat-gabinetes","8":"product_tag-gabinetes-modulares","10":"first","11":"instock","12":"sale","13":"shipping-taxable","14":"purchasable","15":"product-type-simple"},"_links":{"self":[{"href":"https:\/\/ferruzca.amarilio.net\/en\/wp-json\/wp\/v2\/product\/14069","targetHints":{"allow":["GET"]}}],"collection":[{"href":"https:\/\/ferruzca.amarilio.net\/en\/wp-json\/wp\/v2\/product"}],"about":[{"href":"https:\/\/ferruzca.amarilio.net\/en\/wp-json\/wp\/v2\/types\/product"}],"replies":[{"embeddable":true,"href":"https:\/\/ferruzca.amarilio.net\/en\/wp-json\/wp\/v2\/comments?post=14069"}],"wp:featuredmedia":[{"embeddable":true,"href":"https:\/\/ferruzca.amarilio.net\/en\/wp-json\/wp\/v2\/media\/14847"}],"wp:attachment":[{"href":"https:\/\/ferruzca.amarilio.net\/en\/wp-json\/wp\/v2\/media?parent=14069"}],"wp:term":[{"taxonomy":"product_brand","embeddable":true,"href":"https:\/\/ferruzca.amarilio.net\/en\/wp-json\/wp\/v2\/product_brand?post=14069"},{"taxonomy":"product_cat","embeddable":true,"href":"https:\/\/ferruzca.amarilio.net\/en\/wp-json\/wp\/v2\/product_cat?post=14069"},{"taxonomy":"product_tag","embeddable":true,"href":"https:\/\/ferruzca.amarilio.net\/en\/wp-json\/wp\/v2\/product_tag?post=14069"}],"curies":[{"name":"wp","href":"https:\/\/api.w.org\/{rel}","templated":true}]}}