{"id":14060,"date":"2026-03-19T07:43:44","date_gmt":"2026-03-19T07:43:44","guid":{"rendered":"https:\/\/ferruzca.amarilio.net\/product\/sr2-srn10630k\/"},"modified":"2026-04-09T00:32:34","modified_gmt":"2026-04-09T00:32:34","slug":"sr2-srn10630k","status":"publish","type":"product","link":"https:\/\/ferruzca.amarilio.net\/en\/product\/sr2-srn10630k\/","title":{"rendered":"SR2-SRN10630K"},"content":{"rendered":"<p>Capacidades de 6, 12, 14, 20 y 28 interruptores derivados, para alojar interruptores termomagn\u00e9ticos de la serie Tmax: XT1, XT3, T4 y T5 trif\u00e1sicos, usando la misma base de montaje dise\u00f1ada por ABB tipo sobreponer.<\/p>","protected":false},"excerpt":{"rendered":"<p>Gabinete vac\u00edo con puerta ciega, platina de montaje y tapas pasacables superior e inferior<\/p>","protected":false},"featured_media":14856,"comment_status":"open","ping_status":"closed","template":"","meta":[],"product_brand":[143],"product_cat":[358],"product_tag":[471],"class_list":{"0":"post-14060","1":"product","2":"type-product","3":"status-publish","4":"has-post-thumbnail","6":"product_brand-abb","7":"product_cat-gabinetes","8":"product_tag-gabinetes-modulares","10":"first","11":"instock","12":"sale","13":"shipping-taxable","14":"purchasable","15":"product-type-simple"},"_links":{"self":[{"href":"https:\/\/ferruzca.amarilio.net\/en\/wp-json\/wp\/v2\/product\/14060","targetHints":{"allow":["GET"]}}],"collection":[{"href":"https:\/\/ferruzca.amarilio.net\/en\/wp-json\/wp\/v2\/product"}],"about":[{"href":"https:\/\/ferruzca.amarilio.net\/en\/wp-json\/wp\/v2\/types\/product"}],"replies":[{"embeddable":true,"href":"https:\/\/ferruzca.amarilio.net\/en\/wp-json\/wp\/v2\/comments?post=14060"}],"wp:featuredmedia":[{"embeddable":true,"href":"https:\/\/ferruzca.amarilio.net\/en\/wp-json\/wp\/v2\/media\/14856"}],"wp:attachment":[{"href":"https:\/\/ferruzca.amarilio.net\/en\/wp-json\/wp\/v2\/media?parent=14060"}],"wp:term":[{"taxonomy":"product_brand","embeddable":true,"href":"https:\/\/ferruzca.amarilio.net\/en\/wp-json\/wp\/v2\/product_brand?post=14060"},{"taxonomy":"product_cat","embeddable":true,"href":"https:\/\/ferruzca.amarilio.net\/en\/wp-json\/wp\/v2\/product_cat?post=14060"},{"taxonomy":"product_tag","embeddable":true,"href":"https:\/\/ferruzca.amarilio.net\/en\/wp-json\/wp\/v2\/product_tag?post=14060"}],"curies":[{"name":"wp","href":"https:\/\/api.w.org\/{rel}","templated":true}]}}