{"id":14054,"date":"2026-03-19T07:43:42","date_gmt":"2026-03-19T07:43:42","guid":{"rendered":"https:\/\/ferruzca.amarilio.net\/product\/pb800-216-mex\/"},"modified":"2026-04-09T19:14:35","modified_gmt":"2026-04-09T19:14:35","slug":"pb800-216-mex","status":"publish","type":"product","link":"https:\/\/ferruzca.amarilio.net\/en\/product\/pb800-216-mex\/","title":{"rendered":"PB800-216-MEX"},"content":{"rendered":"<p>Capacidades de 6, 12, 14, 20 y 28 interruptores derivados, para alojar interruptores termomagn\u00e9ticos de la serie Tmax: XT1, XT3, T4 y T5 trif\u00e1sicos, usando la misma base de montaje dise\u00f1ada por ABB tipo sobreponer.<\/p>","protected":false},"excerpt":{"rendered":"<p>Tablero con Interruptor principal de 800 A, para derivados (12-XT1 \u00f3 8-XT3).<\/p>","protected":false},"featured_media":14858,"comment_status":"open","ping_status":"closed","template":"","meta":[],"product_brand":[143],"product_cat":[364],"product_tag":[470],"class_list":{"0":"post-14054","1":"product","2":"type-product","3":"status-publish","4":"has-post-thumbnail","6":"product_brand-abb","7":"product_cat-tableros","8":"product_tag-tableros-de-alumbrado","10":"first","11":"instock","12":"shipping-taxable","13":"purchasable","14":"product-type-simple"},"_links":{"self":[{"href":"https:\/\/ferruzca.amarilio.net\/en\/wp-json\/wp\/v2\/product\/14054","targetHints":{"allow":["GET"]}}],"collection":[{"href":"https:\/\/ferruzca.amarilio.net\/en\/wp-json\/wp\/v2\/product"}],"about":[{"href":"https:\/\/ferruzca.amarilio.net\/en\/wp-json\/wp\/v2\/types\/product"}],"replies":[{"embeddable":true,"href":"https:\/\/ferruzca.amarilio.net\/en\/wp-json\/wp\/v2\/comments?post=14054"}],"wp:featuredmedia":[{"embeddable":true,"href":"https:\/\/ferruzca.amarilio.net\/en\/wp-json\/wp\/v2\/media\/14858"}],"wp:attachment":[{"href":"https:\/\/ferruzca.amarilio.net\/en\/wp-json\/wp\/v2\/media?parent=14054"}],"wp:term":[{"taxonomy":"product_brand","embeddable":true,"href":"https:\/\/ferruzca.amarilio.net\/en\/wp-json\/wp\/v2\/product_brand?post=14054"},{"taxonomy":"product_cat","embeddable":true,"href":"https:\/\/ferruzca.amarilio.net\/en\/wp-json\/wp\/v2\/product_cat?post=14054"},{"taxonomy":"product_tag","embeddable":true,"href":"https:\/\/ferruzca.amarilio.net\/en\/wp-json\/wp\/v2\/product_tag?post=14054"}],"curies":[{"name":"wp","href":"https:\/\/api.w.org\/{rel}","templated":true}]}}