{"id":14019,"date":"2026-03-19T07:43:30","date_gmt":"2026-03-19T07:43:30","guid":{"rendered":"https:\/\/ferruzca.amarilio.net\/product\/no-de-parte-859-753\/"},"modified":"2026-04-08T22:50:27","modified_gmt":"2026-04-08T22:50:27","slug":"no-de-parte-859-753","status":"publish","type":"product","link":"https:\/\/ferruzca.amarilio.net\/en\/product\/no-de-parte-859-753\/","title":{"rendered":"NO. DE PARTE 859-753"},"content":{"rendered":"<p>Los optoacopladores y los rel\u00e9s de estado s\u00f3lido est\u00e1n dise\u00f1ados para ser utilizados en redes de procesamiento de se\u00f1ales, cuyo suministro no dependade redes de alimentaci\u00f3n de baja tensi\u00f3n<\/p>","protected":false},"excerpt":{"rendered":"<p>M\u00f3dulo de optoacoplador; Tensi\u00f3n nominal de entrada 5V DC; Rango de tensi\u00f3n de salida 20 \u2026 28,8V DC; Corriente permanente l\u00edmite 0,1 A; Conexi\u00f3n de 3 conductores\/conmutaci\u00f3n positiva; Frecuencia 100 kHz; Visualizaci\u00f3n de estados rojo; 6 mm ancho de montaje; gris<\/p>","protected":false},"featured_media":14322,"comment_status":"open","ping_status":"closed","template":"","meta":[],"product_brand":[207],"product_cat":[361],"product_tag":[454],"class_list":{"0":"post-14019","1":"product","2":"type-product","3":"status-publish","4":"has-post-thumbnail","6":"product_brand-wago","7":"product_cat-conexion-rapida","8":"product_tag-clema","10":"first","11":"instock","12":"sale","13":"shipping-taxable","14":"purchasable","15":"product-type-simple"},"_links":{"self":[{"href":"https:\/\/ferruzca.amarilio.net\/en\/wp-json\/wp\/v2\/product\/14019","targetHints":{"allow":["GET"]}}],"collection":[{"href":"https:\/\/ferruzca.amarilio.net\/en\/wp-json\/wp\/v2\/product"}],"about":[{"href":"https:\/\/ferruzca.amarilio.net\/en\/wp-json\/wp\/v2\/types\/product"}],"replies":[{"embeddable":true,"href":"https:\/\/ferruzca.amarilio.net\/en\/wp-json\/wp\/v2\/comments?post=14019"}],"wp:featuredmedia":[{"embeddable":true,"href":"https:\/\/ferruzca.amarilio.net\/en\/wp-json\/wp\/v2\/media\/14322"}],"wp:attachment":[{"href":"https:\/\/ferruzca.amarilio.net\/en\/wp-json\/wp\/v2\/media?parent=14019"}],"wp:term":[{"taxonomy":"product_brand","embeddable":true,"href":"https:\/\/ferruzca.amarilio.net\/en\/wp-json\/wp\/v2\/product_brand?post=14019"},{"taxonomy":"product_cat","embeddable":true,"href":"https:\/\/ferruzca.amarilio.net\/en\/wp-json\/wp\/v2\/product_cat?post=14019"},{"taxonomy":"product_tag","embeddable":true,"href":"https:\/\/ferruzca.amarilio.net\/en\/wp-json\/wp\/v2\/product_tag?post=14019"}],"curies":[{"name":"wp","href":"https:\/\/api.w.org\/{rel}","templated":true}]}}