{"id":14014,"date":"2026-03-19T07:43:28","date_gmt":"2026-03-19T07:43:28","guid":{"rendered":"https:\/\/ferruzca.amarilio.net\/product\/no-de-parte-857-811\/"},"modified":"2026-04-08T22:50:27","modified_gmt":"2026-04-08T22:50:27","slug":"no-de-parte-857-811","status":"publish","type":"product","link":"https:\/\/ferruzca.amarilio.net\/en\/product\/no-de-parte-857-811\/","title":{"rendered":"NO. DE PARTE 857-811"},"content":{"rendered":"<p>Este convertidor de se\u00f1al de temperatura registra se\u00f1ales de termopares de tipo J y K (E, R, N, S, T, B, C) y convierte la se\u00f1al de temperatura en una se\u00f1al anal\u00f3gica normalizada en la salida.<\/p>","protected":false},"excerpt":{"rendered":"<p>Convertidores de se\u00f1al de temperatura para termoelementos; Se\u00f1al de salida de corriente y tensi\u00f3n; Configuraci\u00f3n por software; Tensi\u00f3n de alimentaci\u00f3n 24V DC; Ancho de montaje 6mm; gris claro<\/p>","protected":false},"featured_media":14322,"comment_status":"open","ping_status":"closed","template":"","meta":[],"product_brand":[207],"product_cat":[361],"product_tag":[464],"class_list":{"0":"post-14014","1":"product","2":"type-product","3":"status-publish","4":"has-post-thumbnail","6":"product_brand-wago","7":"product_cat-conexion-rapida","8":"product_tag-relevador","10":"first","11":"instock","12":"sale","13":"shipping-taxable","14":"purchasable","15":"product-type-simple"},"_links":{"self":[{"href":"https:\/\/ferruzca.amarilio.net\/en\/wp-json\/wp\/v2\/product\/14014","targetHints":{"allow":["GET"]}}],"collection":[{"href":"https:\/\/ferruzca.amarilio.net\/en\/wp-json\/wp\/v2\/product"}],"about":[{"href":"https:\/\/ferruzca.amarilio.net\/en\/wp-json\/wp\/v2\/types\/product"}],"replies":[{"embeddable":true,"href":"https:\/\/ferruzca.amarilio.net\/en\/wp-json\/wp\/v2\/comments?post=14014"}],"wp:featuredmedia":[{"embeddable":true,"href":"https:\/\/ferruzca.amarilio.net\/en\/wp-json\/wp\/v2\/media\/14322"}],"wp:attachment":[{"href":"https:\/\/ferruzca.amarilio.net\/en\/wp-json\/wp\/v2\/media?parent=14014"}],"wp:term":[{"taxonomy":"product_brand","embeddable":true,"href":"https:\/\/ferruzca.amarilio.net\/en\/wp-json\/wp\/v2\/product_brand?post=14014"},{"taxonomy":"product_cat","embeddable":true,"href":"https:\/\/ferruzca.amarilio.net\/en\/wp-json\/wp\/v2\/product_cat?post=14014"},{"taxonomy":"product_tag","embeddable":true,"href":"https:\/\/ferruzca.amarilio.net\/en\/wp-json\/wp\/v2\/product_tag?post=14014"}],"curies":[{"name":"wp","href":"https:\/\/api.w.org\/{rel}","templated":true}]}}