{"id":14004,"date":"2026-03-19T07:43:26","date_gmt":"2026-03-19T07:43:26","guid":{"rendered":"https:\/\/ferruzca.amarilio.net\/product\/no-de-parte-855-2701-035-001\/"},"modified":"2026-04-08T22:50:27","modified_gmt":"2026-04-08T22:50:27","slug":"no-de-parte-855-2701-035-001","status":"publish","type":"product","link":"https:\/\/ferruzca.amarilio.net\/en\/product\/no-de-parte-855-2701-035-001\/","title":{"rendered":"NO. DE PARTE 855-2701\/035-001"},"content":{"rendered":"<p>Los transformadores de intensidad (serie 855) son unidades enchufables inductivas de un conductor. Debido al principio de medici\u00f3n utilizado, estos transformadores de intensidad est\u00e1n exclusivamente dise\u00f1ados para aplicaciones de redes de CA.<\/p>","protected":false},"excerpt":{"rendered":"<p>Transformadores enchufables de intensidad; Corriente asignada primaria 35A; Corriente asignada secundaria 1A; Potencia asignada 0,2VA; Clase de precisi\u00f3n 1<\/p>","protected":false},"featured_media":14322,"comment_status":"open","ping_status":"closed","template":"","meta":[],"product_brand":[207],"product_cat":[361],"product_tag":[463],"class_list":{"0":"post-14004","1":"product","2":"type-product","3":"status-publish","4":"has-post-thumbnail","6":"product_brand-wago","7":"product_cat-conexion-rapida","8":"product_tag-conector","10":"first","11":"instock","12":"sale","13":"shipping-taxable","14":"purchasable","15":"product-type-simple"},"_links":{"self":[{"href":"https:\/\/ferruzca.amarilio.net\/en\/wp-json\/wp\/v2\/product\/14004","targetHints":{"allow":["GET"]}}],"collection":[{"href":"https:\/\/ferruzca.amarilio.net\/en\/wp-json\/wp\/v2\/product"}],"about":[{"href":"https:\/\/ferruzca.amarilio.net\/en\/wp-json\/wp\/v2\/types\/product"}],"replies":[{"embeddable":true,"href":"https:\/\/ferruzca.amarilio.net\/en\/wp-json\/wp\/v2\/comments?post=14004"}],"wp:featuredmedia":[{"embeddable":true,"href":"https:\/\/ferruzca.amarilio.net\/en\/wp-json\/wp\/v2\/media\/14322"}],"wp:attachment":[{"href":"https:\/\/ferruzca.amarilio.net\/en\/wp-json\/wp\/v2\/media?parent=14004"}],"wp:term":[{"taxonomy":"product_brand","embeddable":true,"href":"https:\/\/ferruzca.amarilio.net\/en\/wp-json\/wp\/v2\/product_brand?post=14004"},{"taxonomy":"product_cat","embeddable":true,"href":"https:\/\/ferruzca.amarilio.net\/en\/wp-json\/wp\/v2\/product_cat?post=14004"},{"taxonomy":"product_tag","embeddable":true,"href":"https:\/\/ferruzca.amarilio.net\/en\/wp-json\/wp\/v2\/product_tag?post=14004"}],"curies":[{"name":"wp","href":"https:\/\/api.w.org\/{rel}","templated":true}]}}