{"id":13989,"date":"2026-03-19T07:43:20","date_gmt":"2026-03-19T07:43:20","guid":{"rendered":"https:\/\/ferruzca.amarilio.net\/product\/no-de-parte-788-701\/"},"modified":"2026-04-08T22:50:26","modified_gmt":"2026-04-08T22:50:26","slug":"no-de-parte-788-701","status":"publish","type":"product","link":"https:\/\/ferruzca.amarilio.net\/en\/product\/no-de-parte-788-701\/","title":{"rendered":"NO. DE PARTE 788-701"},"content":{"rendered":"<p>Los optoacopladores y los rel\u00e9s de estado s\u00f3lido est\u00e1n dise\u00f1ados para ser utilizados en redes de procesamiento de se\u00f1ales, cuyo suministro no dependade redes de alimentaci\u00f3n de baja tensi\u00f3n<\/p>","protected":false},"excerpt":{"rendered":"<p>M\u00f3dulo con rel\u00e9 Solid-State; Tensi\u00f3n nominal de entrada: 24 VCC; Rango de tensi\u00f3n de salida 3 \u2026 30V DC; Corriente l\u00edmite en funcionamiento continuo: 5 A; Conexi\u00f3n de 2 conductores; Visualizaci\u00f3n de estados rojo; 15 mm ancho de montaje; gris<\/p>","protected":false},"featured_media":14322,"comment_status":"open","ping_status":"closed","template":"","meta":[],"product_brand":[207],"product_cat":[361],"product_tag":[464],"class_list":{"0":"post-13989","1":"product","2":"type-product","3":"status-publish","4":"has-post-thumbnail","6":"product_brand-wago","7":"product_cat-conexion-rapida","8":"product_tag-relevador","10":"first","11":"instock","12":"sale","13":"shipping-taxable","14":"purchasable","15":"product-type-simple"},"_links":{"self":[{"href":"https:\/\/ferruzca.amarilio.net\/en\/wp-json\/wp\/v2\/product\/13989","targetHints":{"allow":["GET"]}}],"collection":[{"href":"https:\/\/ferruzca.amarilio.net\/en\/wp-json\/wp\/v2\/product"}],"about":[{"href":"https:\/\/ferruzca.amarilio.net\/en\/wp-json\/wp\/v2\/types\/product"}],"replies":[{"embeddable":true,"href":"https:\/\/ferruzca.amarilio.net\/en\/wp-json\/wp\/v2\/comments?post=13989"}],"wp:featuredmedia":[{"embeddable":true,"href":"https:\/\/ferruzca.amarilio.net\/en\/wp-json\/wp\/v2\/media\/14322"}],"wp:attachment":[{"href":"https:\/\/ferruzca.amarilio.net\/en\/wp-json\/wp\/v2\/media?parent=13989"}],"wp:term":[{"taxonomy":"product_brand","embeddable":true,"href":"https:\/\/ferruzca.amarilio.net\/en\/wp-json\/wp\/v2\/product_brand?post=13989"},{"taxonomy":"product_cat","embeddable":true,"href":"https:\/\/ferruzca.amarilio.net\/en\/wp-json\/wp\/v2\/product_cat?post=13989"},{"taxonomy":"product_tag","embeddable":true,"href":"https:\/\/ferruzca.amarilio.net\/en\/wp-json\/wp\/v2\/product_tag?post=13989"}],"curies":[{"name":"wp","href":"https:\/\/api.w.org\/{rel}","templated":true}]}}