{"id":13982,"date":"2026-03-19T07:43:19","date_gmt":"2026-03-19T07:43:19","guid":{"rendered":"https:\/\/ferruzca.amarilio.net\/product\/no-de-parte-787-852\/"},"modified":"2026-04-08T22:50:26","modified_gmt":"2026-04-08T22:50:26","slug":"no-de-parte-787-852","status":"publish","type":"product","link":"https:\/\/ferruzca.amarilio.net\/en\/product\/no-de-parte-787-852\/","title":{"rendered":"NO. DE PARTE 787-852"},"content":{"rendered":"<p>Fuente de alimentaci\u00f3n con sincronizaci\u00f3n primaria, perfil en niveles para instalaci\u00f3n en cajas de distribuci\u00f3n est\u00e1ndar, panel frontal extra\u00edble y montajes atornillados para instalaci\u00f3n alternativa en cajas de distribuci\u00f3n o distribuidores. Tecnolog\u00eda de conexi\u00f3n enchufable picoMAX\u00ae .<\/p>","protected":false},"excerpt":{"rendered":"<p>Fuente de alimentaci\u00f3n con sincronizaci\u00f3n primaria; Pro; trif\u00e1sico; Tensi\u00f3n de salida 24V DC; Corriente de salida 20A; TopBoost + PowerBoost; LineMonitor; Se\u00f1al DC-OK; 2,50 mm\u00b2<\/p>","protected":false},"featured_media":14322,"comment_status":"open","ping_status":"closed","template":"","meta":[],"product_brand":[207],"product_cat":[361],"product_tag":[436],"class_list":{"0":"post-13982","1":"product","2":"type-product","3":"status-publish","4":"has-post-thumbnail","6":"product_brand-wago","7":"product_cat-conexion-rapida","8":"product_tag-fuente-de-alimentacion","10":"first","11":"instock","12":"sale","13":"shipping-taxable","14":"purchasable","15":"product-type-simple"},"_links":{"self":[{"href":"https:\/\/ferruzca.amarilio.net\/en\/wp-json\/wp\/v2\/product\/13982","targetHints":{"allow":["GET"]}}],"collection":[{"href":"https:\/\/ferruzca.amarilio.net\/en\/wp-json\/wp\/v2\/product"}],"about":[{"href":"https:\/\/ferruzca.amarilio.net\/en\/wp-json\/wp\/v2\/types\/product"}],"replies":[{"embeddable":true,"href":"https:\/\/ferruzca.amarilio.net\/en\/wp-json\/wp\/v2\/comments?post=13982"}],"wp:featuredmedia":[{"embeddable":true,"href":"https:\/\/ferruzca.amarilio.net\/en\/wp-json\/wp\/v2\/media\/14322"}],"wp:attachment":[{"href":"https:\/\/ferruzca.amarilio.net\/en\/wp-json\/wp\/v2\/media?parent=13982"}],"wp:term":[{"taxonomy":"product_brand","embeddable":true,"href":"https:\/\/ferruzca.amarilio.net\/en\/wp-json\/wp\/v2\/product_brand?post=13982"},{"taxonomy":"product_cat","embeddable":true,"href":"https:\/\/ferruzca.amarilio.net\/en\/wp-json\/wp\/v2\/product_cat?post=13982"},{"taxonomy":"product_tag","embeddable":true,"href":"https:\/\/ferruzca.amarilio.net\/en\/wp-json\/wp\/v2\/product_tag?post=13982"}],"curies":[{"name":"wp","href":"https:\/\/api.w.org\/{rel}","templated":true}]}}