{"id":13958,"date":"2026-03-19T07:43:11","date_gmt":"2026-03-19T07:43:11","guid":{"rendered":"https:\/\/ferruzca.amarilio.net\/product\/no-de-parte-762-4101\/"},"modified":"2026-04-08T22:50:25","modified_gmt":"2026-04-08T22:50:25","slug":"no-de-parte-762-4101","status":"publish","type":"product","link":"https:\/\/ferruzca.amarilio.net\/en\/product\/no-de-parte-762-4101\/","title":{"rendered":"NO. DE PARTE 762-4101"},"content":{"rendered":"<p>Configuraci\u00f3n de hardware PIO1, 2 x puerto ETHERNET para conectar dispositivos de campo y la herramienta de ingenier\u00eda, 2 x puerto USB para la conexi\u00f3n opcional de una memoria USB, un rat\u00f3n o un teclado<\/p>","protected":false},"excerpt":{"rendered":"<p>Panel t\u00e1ctil 600; 10,9 cm (4,3&#8243;); 480 x 272 p\u00edxeles; 2 x USB, 2 x ETHERNET; Panel web<\/p>","protected":false},"featured_media":14322,"comment_status":"open","ping_status":"closed","template":"","meta":[],"product_brand":[207],"product_cat":[361],"product_tag":[463],"class_list":{"0":"post-13958","1":"product","2":"type-product","3":"status-publish","4":"has-post-thumbnail","6":"product_brand-wago","7":"product_cat-conexion-rapida","8":"product_tag-conector","10":"first","11":"instock","12":"sale","13":"shipping-taxable","14":"purchasable","15":"product-type-simple"},"_links":{"self":[{"href":"https:\/\/ferruzca.amarilio.net\/en\/wp-json\/wp\/v2\/product\/13958","targetHints":{"allow":["GET"]}}],"collection":[{"href":"https:\/\/ferruzca.amarilio.net\/en\/wp-json\/wp\/v2\/product"}],"about":[{"href":"https:\/\/ferruzca.amarilio.net\/en\/wp-json\/wp\/v2\/types\/product"}],"replies":[{"embeddable":true,"href":"https:\/\/ferruzca.amarilio.net\/en\/wp-json\/wp\/v2\/comments?post=13958"}],"wp:featuredmedia":[{"embeddable":true,"href":"https:\/\/ferruzca.amarilio.net\/en\/wp-json\/wp\/v2\/media\/14322"}],"wp:attachment":[{"href":"https:\/\/ferruzca.amarilio.net\/en\/wp-json\/wp\/v2\/media?parent=13958"}],"wp:term":[{"taxonomy":"product_brand","embeddable":true,"href":"https:\/\/ferruzca.amarilio.net\/en\/wp-json\/wp\/v2\/product_brand?post=13958"},{"taxonomy":"product_cat","embeddable":true,"href":"https:\/\/ferruzca.amarilio.net\/en\/wp-json\/wp\/v2\/product_cat?post=13958"},{"taxonomy":"product_tag","embeddable":true,"href":"https:\/\/ferruzca.amarilio.net\/en\/wp-json\/wp\/v2\/product_tag?post=13958"}],"curies":[{"name":"wp","href":"https:\/\/api.w.org\/{rel}","templated":true}]}}