{"id":13949,"date":"2026-03-19T07:43:08","date_gmt":"2026-03-19T07:43:08","guid":{"rendered":"https:\/\/ferruzca.amarilio.net\/product\/no-de-parte-756-9112-030-000\/"},"modified":"2026-04-08T22:50:25","modified_gmt":"2026-04-08T22:50:25","slug":"no-de-parte-756-9112-030-000","status":"publish","type":"product","link":"https:\/\/ferruzca.amarilio.net\/en\/product\/no-de-parte-756-9112-030-000\/","title":{"rendered":"NO. DE PARTE 756-9112\/030-000"},"content":{"rendered":"<p>Dise\u00f1ado para aplicaciones de automatizaci\u00f3n industrial donde se requiere una conexi\u00f3n fiable y ordenada en gabinetes de control. Forma parte de los componentes utilizados para la integraci\u00f3n, montaje y cableado de sistemas de control sobre riel DIN, asegurando una instalaci\u00f3n compacta y conforme a est\u00e1ndares industriales.<\/p>","protected":false},"excerpt":{"rendered":"<p>Confecc. Conectores; 3 polos; Conector hembra M8, axial; Tecnolog\u00eda de conexi\u00f3n IDC<\/p>","protected":false},"featured_media":14322,"comment_status":"open","ping_status":"closed","template":"","meta":[],"product_brand":[207],"product_cat":[361],"product_tag":[463],"class_list":{"0":"post-13949","1":"product","2":"type-product","3":"status-publish","4":"has-post-thumbnail","6":"product_brand-wago","7":"product_cat-conexion-rapida","8":"product_tag-conector","10":"first","11":"instock","12":"sale","13":"shipping-taxable","14":"purchasable","15":"product-type-simple"},"_links":{"self":[{"href":"https:\/\/ferruzca.amarilio.net\/en\/wp-json\/wp\/v2\/product\/13949","targetHints":{"allow":["GET"]}}],"collection":[{"href":"https:\/\/ferruzca.amarilio.net\/en\/wp-json\/wp\/v2\/product"}],"about":[{"href":"https:\/\/ferruzca.amarilio.net\/en\/wp-json\/wp\/v2\/types\/product"}],"replies":[{"embeddable":true,"href":"https:\/\/ferruzca.amarilio.net\/en\/wp-json\/wp\/v2\/comments?post=13949"}],"wp:featuredmedia":[{"embeddable":true,"href":"https:\/\/ferruzca.amarilio.net\/en\/wp-json\/wp\/v2\/media\/14322"}],"wp:attachment":[{"href":"https:\/\/ferruzca.amarilio.net\/en\/wp-json\/wp\/v2\/media?parent=13949"}],"wp:term":[{"taxonomy":"product_brand","embeddable":true,"href":"https:\/\/ferruzca.amarilio.net\/en\/wp-json\/wp\/v2\/product_brand?post=13949"},{"taxonomy":"product_cat","embeddable":true,"href":"https:\/\/ferruzca.amarilio.net\/en\/wp-json\/wp\/v2\/product_cat?post=13949"},{"taxonomy":"product_tag","embeddable":true,"href":"https:\/\/ferruzca.amarilio.net\/en\/wp-json\/wp\/v2\/product_tag?post=13949"}],"curies":[{"name":"wp","href":"https:\/\/api.w.org\/{rel}","templated":true}]}}