{"id":13933,"date":"2026-03-19T07:43:03","date_gmt":"2026-03-19T07:43:03","guid":{"rendered":"https:\/\/ferruzca.amarilio.net\/product\/no-de-parte-756-1201-060-020\/"},"modified":"2026-04-08T22:50:24","modified_gmt":"2026-04-08T22:50:24","slug":"no-de-parte-756-1201-060-020","status":"publish","type":"product","link":"https:\/\/ferruzca.amarilio.net\/en\/product\/no-de-parte-756-1201-060-020\/","title":{"rendered":"NO. DE PARTE 756-1201\/060-020"},"content":{"rendered":"<p>PUR GN sin hal\u00f3genos, apto para cadenas de remolcado, sin siliconas ni FCKW. Buena resistencia a microbios, hidr\u00f3lisis, aceite, ozono, sustancias qu\u00edmicas y rayos UV, on certificaci\u00f3n UL.<\/p>","protected":false},"excerpt":{"rendered":"<p>L\u00ednea ETHERNET; Conector hembra M12D; recto; 4 polos; Longitud 2m, verde<\/p>","protected":false},"featured_media":14322,"comment_status":"open","ping_status":"closed","template":"","meta":[],"product_brand":[207],"product_cat":[361],"product_tag":[463],"class_list":{"0":"post-13933","1":"product","2":"type-product","3":"status-publish","4":"has-post-thumbnail","6":"product_brand-wago","7":"product_cat-conexion-rapida","8":"product_tag-conector","10":"first","11":"instock","12":"shipping-taxable","13":"product-type-simple"},"_links":{"self":[{"href":"https:\/\/ferruzca.amarilio.net\/en\/wp-json\/wp\/v2\/product\/13933","targetHints":{"allow":["GET"]}}],"collection":[{"href":"https:\/\/ferruzca.amarilio.net\/en\/wp-json\/wp\/v2\/product"}],"about":[{"href":"https:\/\/ferruzca.amarilio.net\/en\/wp-json\/wp\/v2\/types\/product"}],"replies":[{"embeddable":true,"href":"https:\/\/ferruzca.amarilio.net\/en\/wp-json\/wp\/v2\/comments?post=13933"}],"wp:featuredmedia":[{"embeddable":true,"href":"https:\/\/ferruzca.amarilio.net\/en\/wp-json\/wp\/v2\/media\/14322"}],"wp:attachment":[{"href":"https:\/\/ferruzca.amarilio.net\/en\/wp-json\/wp\/v2\/media?parent=13933"}],"wp:term":[{"taxonomy":"product_brand","embeddable":true,"href":"https:\/\/ferruzca.amarilio.net\/en\/wp-json\/wp\/v2\/product_brand?post=13933"},{"taxonomy":"product_cat","embeddable":true,"href":"https:\/\/ferruzca.amarilio.net\/en\/wp-json\/wp\/v2\/product_cat?post=13933"},{"taxonomy":"product_tag","embeddable":true,"href":"https:\/\/ferruzca.amarilio.net\/en\/wp-json\/wp\/v2\/product_tag?post=13933"}],"curies":[{"name":"wp","href":"https:\/\/api.w.org\/{rel}","templated":true}]}}