{"id":13931,"date":"2026-03-19T07:43:03","date_gmt":"2026-03-19T07:43:03","guid":{"rendered":"https:\/\/ferruzca.amarilio.net\/product\/no-de-parte-750-978-000-012\/"},"modified":"2026-04-08T22:50:24","modified_gmt":"2026-04-08T22:50:24","slug":"no-de-parte-750-978-000-012","status":"publish","type":"product","link":"https:\/\/ferruzca.amarilio.net\/en\/product\/no-de-parte-750-978-000-012\/","title":{"rendered":"NO. DE PARTE 750-978\/000-012"},"content":{"rendered":"<p>La automatizaci\u00f3n \u00f3ptima tanto dentro como fuera del armario de distribuci\u00f3n gracias a los flexibles sistemas remotos de E\/S con grado de protecci\u00f3n IP20 e IP67 adecuados para cualquier tipo de aplicaci\u00f3n y entorno.<\/p>","protected":false},"excerpt":{"rendered":"<p>Conector ETHERNET; RJ-45; Cat. 6A; axial; C\u00f3digo T568B; AWG 22; Placa anti-tir\u00f3n<\/p>","protected":false},"featured_media":14322,"comment_status":"open","ping_status":"closed","template":"","meta":[],"product_brand":[207],"product_cat":[361],"product_tag":[463],"class_list":{"0":"post-13931","1":"product","2":"type-product","3":"status-publish","4":"has-post-thumbnail","6":"product_brand-wago","7":"product_cat-conexion-rapida","8":"product_tag-conector","10":"first","11":"instock","12":"shipping-taxable","13":"product-type-simple"},"_links":{"self":[{"href":"https:\/\/ferruzca.amarilio.net\/en\/wp-json\/wp\/v2\/product\/13931","targetHints":{"allow":["GET"]}}],"collection":[{"href":"https:\/\/ferruzca.amarilio.net\/en\/wp-json\/wp\/v2\/product"}],"about":[{"href":"https:\/\/ferruzca.amarilio.net\/en\/wp-json\/wp\/v2\/types\/product"}],"replies":[{"embeddable":true,"href":"https:\/\/ferruzca.amarilio.net\/en\/wp-json\/wp\/v2\/comments?post=13931"}],"wp:featuredmedia":[{"embeddable":true,"href":"https:\/\/ferruzca.amarilio.net\/en\/wp-json\/wp\/v2\/media\/14322"}],"wp:attachment":[{"href":"https:\/\/ferruzca.amarilio.net\/en\/wp-json\/wp\/v2\/media?parent=13931"}],"wp:term":[{"taxonomy":"product_brand","embeddable":true,"href":"https:\/\/ferruzca.amarilio.net\/en\/wp-json\/wp\/v2\/product_brand?post=13931"},{"taxonomy":"product_cat","embeddable":true,"href":"https:\/\/ferruzca.amarilio.net\/en\/wp-json\/wp\/v2\/product_cat?post=13931"},{"taxonomy":"product_tag","embeddable":true,"href":"https:\/\/ferruzca.amarilio.net\/en\/wp-json\/wp\/v2\/product_tag?post=13931"}],"curies":[{"name":"wp","href":"https:\/\/api.w.org\/{rel}","templated":true}]}}