{"id":13922,"date":"2026-03-19T07:43:00","date_gmt":"2026-03-19T07:43:00","guid":{"rendered":"https:\/\/ferruzca.amarilio.net\/product\/no-de-parte-750-559\/"},"modified":"2026-04-08T22:50:24","modified_gmt":"2026-04-08T22:50:24","slug":"no-de-parte-750-559","status":"publish","type":"product","link":"https:\/\/ferruzca.amarilio.net\/en\/product\/no-de-parte-750-559\/","title":{"rendered":"NO. DE PARTE 750-559"},"content":{"rendered":"<p>Genera se\u00f1ales est\u00e1ndar de 0\u201310 V. La se\u00f1al de salida est\u00e1 aislada galv\u00e1nicamente y se transmite con una resoluci\u00f3n de 12 bits. Se alimenta con la tensi\u00f3n interna del sistema. Los canales de salida del m\u00f3dulo comparten un mismo potencial de tierra.<\/p>","protected":false},"excerpt":{"rendered":"<p>Salida anal\u00f3gica, 4 canales; 0 \u2026 10V DC, gris<\/p>","protected":false},"featured_media":14322,"comment_status":"open","ping_status":"closed","template":"","meta":[],"product_brand":[207],"product_cat":[361],"product_tag":[463],"class_list":{"0":"post-13922","1":"product","2":"type-product","3":"status-publish","4":"has-post-thumbnail","6":"product_brand-wago","7":"product_cat-conexion-rapida","8":"product_tag-conector","10":"first","11":"instock","12":"shipping-taxable","13":"product-type-simple"},"_links":{"self":[{"href":"https:\/\/ferruzca.amarilio.net\/en\/wp-json\/wp\/v2\/product\/13922","targetHints":{"allow":["GET"]}}],"collection":[{"href":"https:\/\/ferruzca.amarilio.net\/en\/wp-json\/wp\/v2\/product"}],"about":[{"href":"https:\/\/ferruzca.amarilio.net\/en\/wp-json\/wp\/v2\/types\/product"}],"replies":[{"embeddable":true,"href":"https:\/\/ferruzca.amarilio.net\/en\/wp-json\/wp\/v2\/comments?post=13922"}],"wp:featuredmedia":[{"embeddable":true,"href":"https:\/\/ferruzca.amarilio.net\/en\/wp-json\/wp\/v2\/media\/14322"}],"wp:attachment":[{"href":"https:\/\/ferruzca.amarilio.net\/en\/wp-json\/wp\/v2\/media?parent=13922"}],"wp:term":[{"taxonomy":"product_brand","embeddable":true,"href":"https:\/\/ferruzca.amarilio.net\/en\/wp-json\/wp\/v2\/product_brand?post=13922"},{"taxonomy":"product_cat","embeddable":true,"href":"https:\/\/ferruzca.amarilio.net\/en\/wp-json\/wp\/v2\/product_cat?post=13922"},{"taxonomy":"product_tag","embeddable":true,"href":"https:\/\/ferruzca.amarilio.net\/en\/wp-json\/wp\/v2\/product_tag?post=13922"}],"curies":[{"name":"wp","href":"https:\/\/api.w.org\/{rel}","templated":true}]}}