{"id":13882,"date":"2026-03-19T07:42:48","date_gmt":"2026-03-19T07:42:48","guid":{"rendered":"https:\/\/ferruzca.amarilio.net\/product\/no-de-parte-281-623-281-418\/"},"modified":"2026-04-08T22:50:22","modified_gmt":"2026-04-08T22:50:22","slug":"no-de-parte-281-623-281-418","status":"publish","type":"product","link":"https:\/\/ferruzca.amarilio.net\/en\/product\/no-de-parte-281-623-281-418\/","title":{"rendered":"NO. DE PARTE 281-623\/281-418"},"content":{"rendered":"<p>Las clemas de WAGO, con tecnolog\u00eda CAGE CLAMP, son libres de mantenimiento y aptas para aplicaciones ferroviarias. Cuentan con certificacion UL y son libres de alogenos.<\/p>","protected":false},"excerpt":{"rendered":"<p>Clema portafusibles para 2 conductores; con portafusible basculante; fusible tipo G 1\/4 x 1 1\/4mm, indicaci\u00f3n de defecto l\u00e1mpara de ne\u00f3n; 120 V; CAGE CLAMP gris<\/p>","protected":false},"featured_media":14322,"comment_status":"open","ping_status":"closed","template":"","meta":[],"product_brand":[207],"product_cat":[361],"product_tag":[454],"class_list":{"0":"post-13882","1":"product","2":"type-product","3":"status-publish","4":"has-post-thumbnail","6":"product_brand-wago","7":"product_cat-conexion-rapida","8":"product_tag-clema","10":"first","11":"instock","12":"shipping-taxable","13":"product-type-simple"},"_links":{"self":[{"href":"https:\/\/ferruzca.amarilio.net\/en\/wp-json\/wp\/v2\/product\/13882","targetHints":{"allow":["GET"]}}],"collection":[{"href":"https:\/\/ferruzca.amarilio.net\/en\/wp-json\/wp\/v2\/product"}],"about":[{"href":"https:\/\/ferruzca.amarilio.net\/en\/wp-json\/wp\/v2\/types\/product"}],"replies":[{"embeddable":true,"href":"https:\/\/ferruzca.amarilio.net\/en\/wp-json\/wp\/v2\/comments?post=13882"}],"wp:featuredmedia":[{"embeddable":true,"href":"https:\/\/ferruzca.amarilio.net\/en\/wp-json\/wp\/v2\/media\/14322"}],"wp:attachment":[{"href":"https:\/\/ferruzca.amarilio.net\/en\/wp-json\/wp\/v2\/media?parent=13882"}],"wp:term":[{"taxonomy":"product_brand","embeddable":true,"href":"https:\/\/ferruzca.amarilio.net\/en\/wp-json\/wp\/v2\/product_brand?post=13882"},{"taxonomy":"product_cat","embeddable":true,"href":"https:\/\/ferruzca.amarilio.net\/en\/wp-json\/wp\/v2\/product_cat?post=13882"},{"taxonomy":"product_tag","embeddable":true,"href":"https:\/\/ferruzca.amarilio.net\/en\/wp-json\/wp\/v2\/product_tag?post=13882"}],"curies":[{"name":"wp","href":"https:\/\/api.w.org\/{rel}","templated":true}]}}