{"id":13879,"date":"2026-03-19T07:42:47","date_gmt":"2026-03-19T07:42:47","guid":{"rendered":"https:\/\/ferruzca.amarilio.net\/product\/no-de-parte-281-512-281-417\/"},"modified":"2026-04-08T22:50:22","modified_gmt":"2026-04-08T22:50:22","slug":"no-de-parte-281-512-281-417","status":"publish","type":"product","link":"https:\/\/ferruzca.amarilio.net\/en\/product\/no-de-parte-281-512-281-417\/","title":{"rendered":"NO. DE PARTE 281-512\/281-417"},"content":{"rendered":"<p>El uso de portafusibles enchufables con bornas de carril para proteger el circuito de mando ofrece numerosas ventajas, ya que permite separar los niveles de funci\u00f3n y cableado<\/p>","protected":false},"excerpt":{"rendered":"<p>Portafusibles; con leng\u00fceta; para fusibles tipo G 5 x 20 mm y 5 x 25 mm, indicaci\u00f3n de defecto l\u00e1mpara de ne\u00f3n; 230 V, gris<\/p>","protected":false},"featured_media":14322,"comment_status":"open","ping_status":"closed","template":"","meta":[],"product_brand":[207],"product_cat":[361],"product_tag":[454],"class_list":{"0":"post-13879","1":"product","2":"type-product","3":"status-publish","4":"has-post-thumbnail","6":"product_brand-wago","7":"product_cat-conexion-rapida","8":"product_tag-clema","10":"first","11":"instock","12":"shipping-taxable","13":"product-type-simple"},"_links":{"self":[{"href":"https:\/\/ferruzca.amarilio.net\/en\/wp-json\/wp\/v2\/product\/13879","targetHints":{"allow":["GET"]}}],"collection":[{"href":"https:\/\/ferruzca.amarilio.net\/en\/wp-json\/wp\/v2\/product"}],"about":[{"href":"https:\/\/ferruzca.amarilio.net\/en\/wp-json\/wp\/v2\/types\/product"}],"replies":[{"embeddable":true,"href":"https:\/\/ferruzca.amarilio.net\/en\/wp-json\/wp\/v2\/comments?post=13879"}],"wp:featuredmedia":[{"embeddable":true,"href":"https:\/\/ferruzca.amarilio.net\/en\/wp-json\/wp\/v2\/media\/14322"}],"wp:attachment":[{"href":"https:\/\/ferruzca.amarilio.net\/en\/wp-json\/wp\/v2\/media?parent=13879"}],"wp:term":[{"taxonomy":"product_brand","embeddable":true,"href":"https:\/\/ferruzca.amarilio.net\/en\/wp-json\/wp\/v2\/product_brand?post=13879"},{"taxonomy":"product_cat","embeddable":true,"href":"https:\/\/ferruzca.amarilio.net\/en\/wp-json\/wp\/v2\/product_cat?post=13879"},{"taxonomy":"product_tag","embeddable":true,"href":"https:\/\/ferruzca.amarilio.net\/en\/wp-json\/wp\/v2\/product_tag?post=13879"}],"curies":[{"name":"wp","href":"https:\/\/api.w.org\/{rel}","templated":true}]}}