{"id":13872,"date":"2026-03-19T07:42:46","date_gmt":"2026-03-19T07:42:46","guid":{"rendered":"https:\/\/ferruzca.amarilio.net\/product\/no-de-parte-280-490\/"},"modified":"2026-04-08T22:50:22","modified_gmt":"2026-04-08T22:50:22","slug":"no-de-parte-280-490","status":"publish","type":"product","link":"https:\/\/ferruzca.amarilio.net\/en\/product\/no-de-parte-280-490\/","title":{"rendered":"NO. DE PARTE 280-490"},"content":{"rendered":"<p>El material de contacto del puente es cobre electrol\u00edtico puro, que hace posible que un dise\u00f1o extraordinariamente peque\u00f1o pueda transportar la corriente asignada total de la borna.<\/p>","protected":false},"excerpt":{"rendered":"<p>Puente; 10 polos; aislado; gris<\/p>","protected":false},"featured_media":14322,"comment_status":"open","ping_status":"closed","template":"","meta":[],"product_brand":[207],"product_cat":[361],"product_tag":[454],"class_list":{"0":"post-13872","1":"product","2":"type-product","3":"status-publish","4":"has-post-thumbnail","6":"product_brand-wago","7":"product_cat-conexion-rapida","8":"product_tag-clema","10":"first","11":"instock","12":"shipping-taxable","13":"product-type-simple"},"_links":{"self":[{"href":"https:\/\/ferruzca.amarilio.net\/en\/wp-json\/wp\/v2\/product\/13872","targetHints":{"allow":["GET"]}}],"collection":[{"href":"https:\/\/ferruzca.amarilio.net\/en\/wp-json\/wp\/v2\/product"}],"about":[{"href":"https:\/\/ferruzca.amarilio.net\/en\/wp-json\/wp\/v2\/types\/product"}],"replies":[{"embeddable":true,"href":"https:\/\/ferruzca.amarilio.net\/en\/wp-json\/wp\/v2\/comments?post=13872"}],"wp:featuredmedia":[{"embeddable":true,"href":"https:\/\/ferruzca.amarilio.net\/en\/wp-json\/wp\/v2\/media\/14322"}],"wp:attachment":[{"href":"https:\/\/ferruzca.amarilio.net\/en\/wp-json\/wp\/v2\/media?parent=13872"}],"wp:term":[{"taxonomy":"product_brand","embeddable":true,"href":"https:\/\/ferruzca.amarilio.net\/en\/wp-json\/wp\/v2\/product_brand?post=13872"},{"taxonomy":"product_cat","embeddable":true,"href":"https:\/\/ferruzca.amarilio.net\/en\/wp-json\/wp\/v2\/product_cat?post=13872"},{"taxonomy":"product_tag","embeddable":true,"href":"https:\/\/ferruzca.amarilio.net\/en\/wp-json\/wp\/v2\/product_tag?post=13872"}],"curies":[{"name":"wp","href":"https:\/\/api.w.org\/{rel}","templated":true}]}}