{"id":13864,"date":"2026-03-19T07:42:44","date_gmt":"2026-03-19T07:42:44","guid":{"rendered":"https:\/\/ferruzca.amarilio.net\/product\/no-de-parte-2789-9080\/"},"modified":"2026-04-08T22:50:21","modified_gmt":"2026-04-08T22:50:21","slug":"no-de-parte-2789-9080","status":"publish","type":"product","link":"https:\/\/ferruzca.amarilio.net\/en\/product\/no-de-parte-2789-9080\/","title":{"rendered":"NO. DE PARTE 2789-9080"},"content":{"rendered":"<p>Adecuado para configurar y supervisar la fuente de alimentaci\u00f3n secundaria, bloques funcionales para sistemas de control est\u00e1ndar , tecnolog\u00eda de conexi\u00f3n enchufable, soporte de marcaje para tarjetas de marcaje (WMB) y tiras de marcadores de WAGO<\/p>","protected":false},"excerpt":{"rendered":"<p>M\u00f3dulo de comunicaci\u00f3n; IO-Link<\/p>","protected":false},"featured_media":14322,"comment_status":"open","ping_status":"closed","template":"","meta":[],"product_brand":[207],"product_cat":[361],"product_tag":[436],"class_list":{"0":"post-13864","1":"product","2":"type-product","3":"status-publish","4":"has-post-thumbnail","6":"product_brand-wago","7":"product_cat-conexion-rapida","8":"product_tag-fuente-de-alimentacion","10":"first","11":"instock","12":"shipping-taxable","13":"product-type-simple"},"_links":{"self":[{"href":"https:\/\/ferruzca.amarilio.net\/en\/wp-json\/wp\/v2\/product\/13864","targetHints":{"allow":["GET"]}}],"collection":[{"href":"https:\/\/ferruzca.amarilio.net\/en\/wp-json\/wp\/v2\/product"}],"about":[{"href":"https:\/\/ferruzca.amarilio.net\/en\/wp-json\/wp\/v2\/types\/product"}],"replies":[{"embeddable":true,"href":"https:\/\/ferruzca.amarilio.net\/en\/wp-json\/wp\/v2\/comments?post=13864"}],"wp:featuredmedia":[{"embeddable":true,"href":"https:\/\/ferruzca.amarilio.net\/en\/wp-json\/wp\/v2\/media\/14322"}],"wp:attachment":[{"href":"https:\/\/ferruzca.amarilio.net\/en\/wp-json\/wp\/v2\/media?parent=13864"}],"wp:term":[{"taxonomy":"product_brand","embeddable":true,"href":"https:\/\/ferruzca.amarilio.net\/en\/wp-json\/wp\/v2\/product_brand?post=13864"},{"taxonomy":"product_cat","embeddable":true,"href":"https:\/\/ferruzca.amarilio.net\/en\/wp-json\/wp\/v2\/product_cat?post=13864"},{"taxonomy":"product_tag","embeddable":true,"href":"https:\/\/ferruzca.amarilio.net\/en\/wp-json\/wp\/v2\/product_tag?post=13864"}],"curies":[{"name":"wp","href":"https:\/\/api.w.org\/{rel}","templated":true}]}}