{"id":13786,"date":"2026-03-19T07:41:56","date_gmt":"2026-03-19T07:41:56","guid":{"rendered":"https:\/\/ferruzca.amarilio.net\/product\/no-de-parte-78-60-1-230-2402\/"},"modified":"2026-04-08T22:49:31","modified_gmt":"2026-04-08T22:49:31","slug":"no-de-parte-78-60-1-230-2402","status":"publish","type":"product","link":"https:\/\/ferruzca.amarilio.net\/en\/product\/no-de-parte-78-60-1-230-2402\/","title":{"rendered":"NO. DE PARTE 78.60.1.230.2402"},"content":{"rendered":"<p>Fuente de alimentaci\u00f3n modular de bajo perfil para aparamenta con salida de 24 V CC a 60 W. Equipado con tecnolog\u00eda ZVS (Zero-voltage-switching).Caracterizada por su peque\u00f1o tama\u00f1o y un bajo consumo de energ\u00eda en espera (&lt; 0,4 W), protecci\u00f3n t\u00e9rmica interna con desconexi\u00f3n de la salida y protecci\u00f3n contra cortocircuitos<\/p>","protected":false},"excerpt":{"rendered":"<p>Fte alimentaci\u00f3n (110..240VAC) @ 24-28VDC; 2.5A<\/p>","protected":false},"featured_media":6854,"comment_status":"open","ping_status":"closed","template":"","meta":[],"product_brand":[171],"product_cat":[357],"product_tag":[436],"class_list":{"0":"post-13786","1":"product","2":"type-product","3":"status-publish","4":"has-post-thumbnail","6":"product_brand-finder","7":"product_cat-fuente-de-alimentacion-riel-din","8":"product_tag-fuente-de-alimentacion","10":"first","11":"instock","12":"sale","13":"shipping-taxable","14":"purchasable","15":"product-type-simple"},"_links":{"self":[{"href":"https:\/\/ferruzca.amarilio.net\/en\/wp-json\/wp\/v2\/product\/13786","targetHints":{"allow":["GET"]}}],"collection":[{"href":"https:\/\/ferruzca.amarilio.net\/en\/wp-json\/wp\/v2\/product"}],"about":[{"href":"https:\/\/ferruzca.amarilio.net\/en\/wp-json\/wp\/v2\/types\/product"}],"replies":[{"embeddable":true,"href":"https:\/\/ferruzca.amarilio.net\/en\/wp-json\/wp\/v2\/comments?post=13786"}],"wp:featuredmedia":[{"embeddable":true,"href":"https:\/\/ferruzca.amarilio.net\/en\/wp-json\/wp\/v2\/media\/6854"}],"wp:attachment":[{"href":"https:\/\/ferruzca.amarilio.net\/en\/wp-json\/wp\/v2\/media?parent=13786"}],"wp:term":[{"taxonomy":"product_brand","embeddable":true,"href":"https:\/\/ferruzca.amarilio.net\/en\/wp-json\/wp\/v2\/product_brand?post=13786"},{"taxonomy":"product_cat","embeddable":true,"href":"https:\/\/ferruzca.amarilio.net\/en\/wp-json\/wp\/v2\/product_cat?post=13786"},{"taxonomy":"product_tag","embeddable":true,"href":"https:\/\/ferruzca.amarilio.net\/en\/wp-json\/wp\/v2\/product_tag?post=13786"}],"curies":[{"name":"wp","href":"https:\/\/api.w.org\/{rel}","templated":true}]}}