{"id":13785,"date":"2026-03-19T07:41:56","date_gmt":"2026-03-19T07:41:56","guid":{"rendered":"https:\/\/ferruzca.amarilio.net\/product\/no-de-parte-78-50-1-230-1202\/"},"modified":"2026-04-08T22:49:31","modified_gmt":"2026-04-08T22:49:31","slug":"no-de-parte-78-50-1-230-1202","status":"publish","type":"product","link":"https:\/\/ferruzca.amarilio.net\/en\/product\/no-de-parte-78-50-1-230-1202\/","title":{"rendered":"NO. DE PARTE 78.50.1.230.1202"},"content":{"rendered":"<p>Fuente de alimentaci\u00f3n conmutada modular de bajo perfil para cuadros el\u00e9ctricos, con salida de 12 V DC a 50 W. Equipada con una tensi\u00f3n regulable entre 12 y 15 V y tecnolog\u00eda ZVS. Con protecci\u00f3n t\u00e9rmica interna con desconexi\u00f3n de la salida, protecci\u00f3n contra cortocircuitos en modo Hiccup (reinicio autom\u00e1tico). Con fusible de entrada f\u00e1cilmente reemplazable.<\/p>","protected":false},"excerpt":{"rendered":"<p>Fte alimentaci\u00f3n (110..240VAC) @ 12-15VDC; 4.2A<\/p>","protected":false},"featured_media":6854,"comment_status":"open","ping_status":"closed","template":"","meta":[],"product_brand":[171],"product_cat":[357],"product_tag":[436],"class_list":{"0":"post-13785","1":"product","2":"type-product","3":"status-publish","4":"has-post-thumbnail","6":"product_brand-finder","7":"product_cat-fuente-de-alimentacion-riel-din","8":"product_tag-fuente-de-alimentacion","10":"first","11":"instock","12":"sale","13":"shipping-taxable","14":"purchasable","15":"product-type-simple"},"_links":{"self":[{"href":"https:\/\/ferruzca.amarilio.net\/en\/wp-json\/wp\/v2\/product\/13785","targetHints":{"allow":["GET"]}}],"collection":[{"href":"https:\/\/ferruzca.amarilio.net\/en\/wp-json\/wp\/v2\/product"}],"about":[{"href":"https:\/\/ferruzca.amarilio.net\/en\/wp-json\/wp\/v2\/types\/product"}],"replies":[{"embeddable":true,"href":"https:\/\/ferruzca.amarilio.net\/en\/wp-json\/wp\/v2\/comments?post=13785"}],"wp:featuredmedia":[{"embeddable":true,"href":"https:\/\/ferruzca.amarilio.net\/en\/wp-json\/wp\/v2\/media\/6854"}],"wp:attachment":[{"href":"https:\/\/ferruzca.amarilio.net\/en\/wp-json\/wp\/v2\/media?parent=13785"}],"wp:term":[{"taxonomy":"product_brand","embeddable":true,"href":"https:\/\/ferruzca.amarilio.net\/en\/wp-json\/wp\/v2\/product_brand?post=13785"},{"taxonomy":"product_cat","embeddable":true,"href":"https:\/\/ferruzca.amarilio.net\/en\/wp-json\/wp\/v2\/product_cat?post=13785"},{"taxonomy":"product_tag","embeddable":true,"href":"https:\/\/ferruzca.amarilio.net\/en\/wp-json\/wp\/v2\/product_tag?post=13785"}],"curies":[{"name":"wp","href":"https:\/\/api.w.org\/{rel}","templated":true}]}}