{"id":13779,"date":"2026-03-19T07:41:55","date_gmt":"2026-03-19T07:41:55","guid":{"rendered":"https:\/\/ferruzca.amarilio.net\/product\/no-de-parte-77-31-8-230-8070\/"},"modified":"2026-04-08T22:49:31","modified_gmt":"2026-04-08T22:49:31","slug":"no-de-parte-77-31-8-230-8070","status":"publish","type":"product","link":"https:\/\/ferruzca.amarilio.net\/en\/product\/no-de-parte-77-31-8-230-8070\/","title":{"rendered":"NO. DE PARTE 77.31.8.230.8070"},"content":{"rendered":"<p>El Tipo 77.31 cuenta con una salida de 60 a 440 V CA (con SCR dual) y una alta velocidad de conmutaci\u00f3n y vida el\u00e9ctrica. Versiones disponibles con conmutaci\u00f3n &#8220;Zero crossing&#8221; o &#8220;Random&#8221;.<\/p>","protected":false},"excerpt":{"rendered":"<p>Rel\u00e9 SSR (40.280VAC) 1NA @ 48&#8230;480VAC 30A<\/p>","protected":false},"featured_media":6849,"comment_status":"open","ping_status":"closed","template":"","meta":[],"product_brand":[171],"product_cat":[355],"product_tag":[435],"class_list":{"0":"post-13779","1":"product","2":"type-product","3":"status-publish","4":"has-post-thumbnail","6":"product_brand-finder","7":"product_cat-relevadores","8":"product_tag-relevador-de-estado-solido","10":"first","11":"instock","12":"sale","13":"shipping-taxable","14":"purchasable","15":"product-type-simple"},"_links":{"self":[{"href":"https:\/\/ferruzca.amarilio.net\/en\/wp-json\/wp\/v2\/product\/13779","targetHints":{"allow":["GET"]}}],"collection":[{"href":"https:\/\/ferruzca.amarilio.net\/en\/wp-json\/wp\/v2\/product"}],"about":[{"href":"https:\/\/ferruzca.amarilio.net\/en\/wp-json\/wp\/v2\/types\/product"}],"replies":[{"embeddable":true,"href":"https:\/\/ferruzca.amarilio.net\/en\/wp-json\/wp\/v2\/comments?post=13779"}],"wp:featuredmedia":[{"embeddable":true,"href":"https:\/\/ferruzca.amarilio.net\/en\/wp-json\/wp\/v2\/media\/6849"}],"wp:attachment":[{"href":"https:\/\/ferruzca.amarilio.net\/en\/wp-json\/wp\/v2\/media?parent=13779"}],"wp:term":[{"taxonomy":"product_brand","embeddable":true,"href":"https:\/\/ferruzca.amarilio.net\/en\/wp-json\/wp\/v2\/product_brand?post=13779"},{"taxonomy":"product_cat","embeddable":true,"href":"https:\/\/ferruzca.amarilio.net\/en\/wp-json\/wp\/v2\/product_cat?post=13779"},{"taxonomy":"product_tag","embeddable":true,"href":"https:\/\/ferruzca.amarilio.net\/en\/wp-json\/wp\/v2\/product_tag?post=13779"}],"curies":[{"name":"wp","href":"https:\/\/api.w.org\/{rel}","templated":true}]}}