{"id":13774,"date":"2026-03-19T07:41:52","date_gmt":"2026-03-19T07:41:52","guid":{"rendered":"https:\/\/ferruzca.amarilio.net\/product\/no-de-parte-77-01-9-024-8050\/"},"modified":"2026-04-08T22:49:31","modified_gmt":"2026-04-08T22:49:31","slug":"no-de-parte-77-01-9-024-8050","status":"publish","type":"product","link":"https:\/\/ferruzca.amarilio.net\/en\/product\/no-de-parte-77-01-9-024-8050\/","title":{"rendered":"NO. DE PARTE 77.01.9.024.8050"},"content":{"rendered":"<p>Rel\u00e9 modular de estado s\u00f3lido, con 1 salida NA de 5A y bobina de CA. El tipo 77.01 tiene conmutaci\u00f3n &#8220;zero crossing&#8221; y es particularmente \u00fatil, seg\u00fan la versi\u00f3n, para instalaciones en el caso de l\u00e1mparas con altas corrientes de pico, cargas resistivas o inductivas, solenoides o bobinas de contactores.<\/p>","protected":false},"excerpt":{"rendered":"<p>Rel\u00e9 SSR (16.32VA DC) 1NA @ 48..265<\/p>","protected":false},"featured_media":6848,"comment_status":"open","ping_status":"closed","template":"","meta":[],"product_brand":[171],"product_cat":[355],"product_tag":[435],"class_list":{"0":"post-13774","1":"product","2":"type-product","3":"status-publish","4":"has-post-thumbnail","6":"product_brand-finder","7":"product_cat-relevadores","8":"product_tag-relevador-de-estado-solido","10":"first","11":"instock","12":"sale","13":"shipping-taxable","14":"purchasable","15":"product-type-simple"},"_links":{"self":[{"href":"https:\/\/ferruzca.amarilio.net\/en\/wp-json\/wp\/v2\/product\/13774","targetHints":{"allow":["GET"]}}],"collection":[{"href":"https:\/\/ferruzca.amarilio.net\/en\/wp-json\/wp\/v2\/product"}],"about":[{"href":"https:\/\/ferruzca.amarilio.net\/en\/wp-json\/wp\/v2\/types\/product"}],"replies":[{"embeddable":true,"href":"https:\/\/ferruzca.amarilio.net\/en\/wp-json\/wp\/v2\/comments?post=13774"}],"wp:featuredmedia":[{"embeddable":true,"href":"https:\/\/ferruzca.amarilio.net\/en\/wp-json\/wp\/v2\/media\/6848"}],"wp:attachment":[{"href":"https:\/\/ferruzca.amarilio.net\/en\/wp-json\/wp\/v2\/media?parent=13774"}],"wp:term":[{"taxonomy":"product_brand","embeddable":true,"href":"https:\/\/ferruzca.amarilio.net\/en\/wp-json\/wp\/v2\/product_brand?post=13774"},{"taxonomy":"product_cat","embeddable":true,"href":"https:\/\/ferruzca.amarilio.net\/en\/wp-json\/wp\/v2\/product_cat?post=13774"},{"taxonomy":"product_tag","embeddable":true,"href":"https:\/\/ferruzca.amarilio.net\/en\/wp-json\/wp\/v2\/product_tag?post=13774"}],"curies":[{"name":"wp","href":"https:\/\/api.w.org\/{rel}","templated":true}]}}