{"id":13773,"date":"2026-03-19T07:41:52","date_gmt":"2026-03-19T07:41:52","guid":{"rendered":"https:\/\/ferruzca.amarilio.net\/product\/no-de-parte-72-42-0-230-0000\/"},"modified":"2026-04-08T22:49:30","modified_gmt":"2026-04-08T22:49:30","slug":"no-de-parte-72-42-0-230-0000","status":"publish","type":"product","link":"https:\/\/ferruzca.amarilio.net\/en\/product\/no-de-parte-72-42-0-230-0000\/","title":{"rendered":"NO. DE PARTE 72.42.0.230.0000"},"content":{"rendered":"<p>Rel\u00e9 de control multifunci\u00f3n para alternancia de carga para aplicaciones con bombas, compresores, unidades de aire acondicionado y refrigeraci\u00f3n. El Tipo 72.42 tiene 2 contactos NA independientes, 12A y 2 entradas de arranque, aisladas de la fuente de alimentaci\u00f3n.<\/p>","protected":false},"excerpt":{"rendered":"<p>Rel\u00e9 alternancia (110&#8230;240VAC\/DC) 2NA 12A<\/p>","protected":false},"featured_media":6847,"comment_status":"open","ping_status":"closed","template":"","meta":[],"product_brand":[171],"product_cat":[355],"product_tag":[433],"class_list":{"0":"post-13773","1":"product","2":"type-product","3":"status-publish","4":"has-post-thumbnail","6":"product_brand-finder","7":"product_cat-relevadores","8":"product_tag-relevador-de-control","10":"first","11":"instock","12":"sale","13":"shipping-taxable","14":"purchasable","15":"product-type-simple"},"_links":{"self":[{"href":"https:\/\/ferruzca.amarilio.net\/en\/wp-json\/wp\/v2\/product\/13773","targetHints":{"allow":["GET"]}}],"collection":[{"href":"https:\/\/ferruzca.amarilio.net\/en\/wp-json\/wp\/v2\/product"}],"about":[{"href":"https:\/\/ferruzca.amarilio.net\/en\/wp-json\/wp\/v2\/types\/product"}],"replies":[{"embeddable":true,"href":"https:\/\/ferruzca.amarilio.net\/en\/wp-json\/wp\/v2\/comments?post=13773"}],"wp:featuredmedia":[{"embeddable":true,"href":"https:\/\/ferruzca.amarilio.net\/en\/wp-json\/wp\/v2\/media\/6847"}],"wp:attachment":[{"href":"https:\/\/ferruzca.amarilio.net\/en\/wp-json\/wp\/v2\/media?parent=13773"}],"wp:term":[{"taxonomy":"product_brand","embeddable":true,"href":"https:\/\/ferruzca.amarilio.net\/en\/wp-json\/wp\/v2\/product_brand?post=13773"},{"taxonomy":"product_cat","embeddable":true,"href":"https:\/\/ferruzca.amarilio.net\/en\/wp-json\/wp\/v2\/product_cat?post=13773"},{"taxonomy":"product_tag","embeddable":true,"href":"https:\/\/ferruzca.amarilio.net\/en\/wp-json\/wp\/v2\/product_tag?post=13773"}],"curies":[{"name":"wp","href":"https:\/\/api.w.org\/{rel}","templated":true}]}}