{"id":13772,"date":"2026-03-19T07:41:52","date_gmt":"2026-03-19T07:41:52","guid":{"rendered":"https:\/\/ferruzca.amarilio.net\/product\/no-de-parte-72-01-9-024-0000\/"},"modified":"2026-04-08T22:49:30","modified_gmt":"2026-04-08T22:49:30","slug":"no-de-parte-72-01-9-024-0000","status":"publish","type":"product","link":"https:\/\/ferruzca.amarilio.net\/en\/product\/no-de-parte-72-01-9-024-0000\/","title":{"rendered":"NO. DE PARTE 72.01.9.024.0000"},"content":{"rendered":"<p>Rel\u00e9 de control de nivel para l\u00edquidos conductores con sensibilidad ajustable. El Modelo 72.01 tiene un retardo de disparo seleccionable (0,5 s o 7 s) a trav\u00e9s de un selector y una funci\u00f3n de llenado o vaciado seleccionable a trav\u00e9s de un selector. Con el Tipo 72.11 puede controlar un solo nivel o dos niveles Min\/Max.<\/p>","protected":false},"excerpt":{"rendered":"<p>Rel\u00e9 Ctrl de nivel (24VDC) 1CC 16A<\/p>","protected":false},"featured_media":6846,"comment_status":"open","ping_status":"closed","template":"","meta":[],"product_brand":[171],"product_cat":[355],"product_tag":[433],"class_list":{"0":"post-13772","1":"product","2":"type-product","3":"status-publish","4":"has-post-thumbnail","6":"product_brand-finder","7":"product_cat-relevadores","8":"product_tag-relevador-de-control","10":"first","11":"instock","12":"sale","13":"shipping-taxable","14":"purchasable","15":"product-type-simple"},"_links":{"self":[{"href":"https:\/\/ferruzca.amarilio.net\/en\/wp-json\/wp\/v2\/product\/13772","targetHints":{"allow":["GET"]}}],"collection":[{"href":"https:\/\/ferruzca.amarilio.net\/en\/wp-json\/wp\/v2\/product"}],"about":[{"href":"https:\/\/ferruzca.amarilio.net\/en\/wp-json\/wp\/v2\/types\/product"}],"replies":[{"embeddable":true,"href":"https:\/\/ferruzca.amarilio.net\/en\/wp-json\/wp\/v2\/comments?post=13772"}],"wp:featuredmedia":[{"embeddable":true,"href":"https:\/\/ferruzca.amarilio.net\/en\/wp-json\/wp\/v2\/media\/6846"}],"wp:attachment":[{"href":"https:\/\/ferruzca.amarilio.net\/en\/wp-json\/wp\/v2\/media?parent=13772"}],"wp:term":[{"taxonomy":"product_brand","embeddable":true,"href":"https:\/\/ferruzca.amarilio.net\/en\/wp-json\/wp\/v2\/product_brand?post=13772"},{"taxonomy":"product_cat","embeddable":true,"href":"https:\/\/ferruzca.amarilio.net\/en\/wp-json\/wp\/v2\/product_cat?post=13772"},{"taxonomy":"product_tag","embeddable":true,"href":"https:\/\/ferruzca.amarilio.net\/en\/wp-json\/wp\/v2\/product_tag?post=13772"}],"curies":[{"name":"wp","href":"https:\/\/api.w.org\/{rel}","templated":true}]}}