{"id":13769,"date":"2026-03-19T07:41:51","date_gmt":"2026-03-19T07:41:51","guid":{"rendered":"https:\/\/ferruzca.amarilio.net\/product\/no-de-parte-70-61-8-400-0000\/"},"modified":"2026-04-08T22:49:30","modified_gmt":"2026-04-08T22:49:30","slug":"no-de-parte-70-61-8-400-0000","status":"publish","type":"product","link":"https:\/\/ferruzca.amarilio.net\/en\/product\/no-de-parte-70-61-8-400-0000\/","title":{"rendered":"NO. DE PARTE 70.61.8.400.0000"},"content":{"rendered":"<p>Rel\u00e9 trif\u00e1sico de secuencia y control de fallos para uso universal en sistemas con tensi\u00f3n nominal de 208 V a 480 V, 50\/60 Hz. Detecta errores de fallos de fase incluso en presencia de tensiones regeneradas. El tipo 70.61 est\u00e1 equipado con l\u00f3gica de seguridad positiva (el contacto del rel\u00e9 de salida se abre si se detecta un error).<\/p>","protected":false},"excerpt":{"rendered":"<p>Rel\u00e9 vigilancia (170..500VAC) 1CC 6A fallo-secu<\/p>","protected":false},"featured_media":6845,"comment_status":"open","ping_status":"closed","template":"","meta":[],"product_brand":[171],"product_cat":[355],"product_tag":[433],"class_list":{"0":"post-13769","1":"product","2":"type-product","3":"status-publish","4":"has-post-thumbnail","6":"product_brand-finder","7":"product_cat-relevadores","8":"product_tag-relevador-de-control","10":"first","11":"instock","12":"sale","13":"shipping-taxable","14":"purchasable","15":"product-type-simple"},"_links":{"self":[{"href":"https:\/\/ferruzca.amarilio.net\/en\/wp-json\/wp\/v2\/product\/13769","targetHints":{"allow":["GET"]}}],"collection":[{"href":"https:\/\/ferruzca.amarilio.net\/en\/wp-json\/wp\/v2\/product"}],"about":[{"href":"https:\/\/ferruzca.amarilio.net\/en\/wp-json\/wp\/v2\/types\/product"}],"replies":[{"embeddable":true,"href":"https:\/\/ferruzca.amarilio.net\/en\/wp-json\/wp\/v2\/comments?post=13769"}],"wp:featuredmedia":[{"embeddable":true,"href":"https:\/\/ferruzca.amarilio.net\/en\/wp-json\/wp\/v2\/media\/6845"}],"wp:attachment":[{"href":"https:\/\/ferruzca.amarilio.net\/en\/wp-json\/wp\/v2\/media?parent=13769"}],"wp:term":[{"taxonomy":"product_brand","embeddable":true,"href":"https:\/\/ferruzca.amarilio.net\/en\/wp-json\/wp\/v2\/product_brand?post=13769"},{"taxonomy":"product_cat","embeddable":true,"href":"https:\/\/ferruzca.amarilio.net\/en\/wp-json\/wp\/v2\/product_cat?post=13769"},{"taxonomy":"product_tag","embeddable":true,"href":"https:\/\/ferruzca.amarilio.net\/en\/wp-json\/wp\/v2\/product_tag?post=13769"}],"curies":[{"name":"wp","href":"https:\/\/api.w.org\/{rel}","templated":true}]}}