{"id":13762,"date":"2026-03-19T07:41:49","date_gmt":"2026-03-19T07:41:49","guid":{"rendered":"https:\/\/ferruzca.amarilio.net\/product\/no-de-parte-62-83-8-230-0300\/"},"modified":"2026-04-08T22:49:30","modified_gmt":"2026-04-08T22:49:30","slug":"no-de-parte-62-83-8-230-0300","status":"publish","type":"product","link":"https:\/\/ferruzca.amarilio.net\/en\/product\/no-de-parte-62-83-8-230-0300\/","title":{"rendered":"NO. DE PARTE 62.83.8.230.0300"},"content":{"rendered":"<p>Rel\u00e9 de potencia de 16 A con 3 contactos conmutados. Terminales Faston 250 (6,3 x 0,8 mm) con aletas de fijaci\u00f3n en la parte posterior. El tipo 62.82 tiene un aislamiento reforzado entre la bobina y los contactos seg\u00fan la norma EN 60335-1<\/p>","protected":false},"excerpt":{"rendered":"<p>Rel\u00e9 de potencia (230VAC) 3NA 16 A<\/p>","protected":false},"featured_media":6842,"comment_status":"open","ping_status":"closed","template":"","meta":[],"product_brand":[171],"product_cat":[355],"product_tag":[432],"class_list":{"0":"post-13762","1":"product","2":"type-product","3":"status-publish","4":"has-post-thumbnail","6":"product_brand-finder","7":"product_cat-relevadores","8":"product_tag-relevador-de-potencia","10":"first","11":"instock","12":"sale","13":"shipping-taxable","14":"purchasable","15":"product-type-simple"},"_links":{"self":[{"href":"https:\/\/ferruzca.amarilio.net\/en\/wp-json\/wp\/v2\/product\/13762","targetHints":{"allow":["GET"]}}],"collection":[{"href":"https:\/\/ferruzca.amarilio.net\/en\/wp-json\/wp\/v2\/product"}],"about":[{"href":"https:\/\/ferruzca.amarilio.net\/en\/wp-json\/wp\/v2\/types\/product"}],"replies":[{"embeddable":true,"href":"https:\/\/ferruzca.amarilio.net\/en\/wp-json\/wp\/v2\/comments?post=13762"}],"wp:featuredmedia":[{"embeddable":true,"href":"https:\/\/ferruzca.amarilio.net\/en\/wp-json\/wp\/v2\/media\/6842"}],"wp:attachment":[{"href":"https:\/\/ferruzca.amarilio.net\/en\/wp-json\/wp\/v2\/media?parent=13762"}],"wp:term":[{"taxonomy":"product_brand","embeddable":true,"href":"https:\/\/ferruzca.amarilio.net\/en\/wp-json\/wp\/v2\/product_brand?post=13762"},{"taxonomy":"product_cat","embeddable":true,"href":"https:\/\/ferruzca.amarilio.net\/en\/wp-json\/wp\/v2\/product_cat?post=13762"},{"taxonomy":"product_tag","embeddable":true,"href":"https:\/\/ferruzca.amarilio.net\/en\/wp-json\/wp\/v2\/product_tag?post=13762"}],"curies":[{"name":"wp","href":"https:\/\/api.w.org\/{rel}","templated":true}]}}