{"id":13753,"date":"2026-03-19T07:41:47","date_gmt":"2026-03-19T07:41:47","guid":{"rendered":"https:\/\/ferruzca.amarilio.net\/product\/no-de-parte-62-32-8-120-0040\/"},"modified":"2026-04-08T22:49:29","modified_gmt":"2026-04-08T22:49:29","slug":"no-de-parte-62-32-8-120-0040","status":"publish","type":"product","link":"https:\/\/ferruzca.amarilio.net\/en\/product\/no-de-parte-62-32-8-120-0040\/","title":{"rendered":"NO. DE PARTE 62.32.8.120.0040"},"content":{"rendered":"<p>Rel\u00e9 de potencia de 16 A, 2 contactos conmutados o NA (apertura \u2265 3 mm), montaje en z\u00f3calo (Serie 92) o directamente a trav\u00e9s de Faston 187 (4,8 x 0,5 mm). Equipado con bobina de CA o CC, LED, pulsador de prueba bloqueable e indicador mec\u00e1nico est\u00e1ndar. Aislamiento reforzado entre la bobina y los contactos seg\u00fan la norma EN 60335-1; Separaci\u00f3n aire\/fluencia de 6\/8 mm<\/p>","protected":false},"excerpt":{"rendered":"<p>Rel\u00e9 de potencia (120VAC) 2CC 16 A<\/p>","protected":false},"featured_media":6837,"comment_status":"open","ping_status":"closed","template":"","meta":[],"product_brand":[171],"product_cat":[355],"product_tag":[432],"class_list":{"0":"post-13753","1":"product","2":"type-product","3":"status-publish","4":"has-post-thumbnail","6":"product_brand-finder","7":"product_cat-relevadores","8":"product_tag-relevador-de-potencia","10":"first","11":"instock","12":"sale","13":"shipping-taxable","14":"purchasable","15":"product-type-simple"},"_links":{"self":[{"href":"https:\/\/ferruzca.amarilio.net\/en\/wp-json\/wp\/v2\/product\/13753","targetHints":{"allow":["GET"]}}],"collection":[{"href":"https:\/\/ferruzca.amarilio.net\/en\/wp-json\/wp\/v2\/product"}],"about":[{"href":"https:\/\/ferruzca.amarilio.net\/en\/wp-json\/wp\/v2\/types\/product"}],"replies":[{"embeddable":true,"href":"https:\/\/ferruzca.amarilio.net\/en\/wp-json\/wp\/v2\/comments?post=13753"}],"wp:featuredmedia":[{"embeddable":true,"href":"https:\/\/ferruzca.amarilio.net\/en\/wp-json\/wp\/v2\/media\/6837"}],"wp:attachment":[{"href":"https:\/\/ferruzca.amarilio.net\/en\/wp-json\/wp\/v2\/media?parent=13753"}],"wp:term":[{"taxonomy":"product_brand","embeddable":true,"href":"https:\/\/ferruzca.amarilio.net\/en\/wp-json\/wp\/v2\/product_brand?post=13753"},{"taxonomy":"product_cat","embeddable":true,"href":"https:\/\/ferruzca.amarilio.net\/en\/wp-json\/wp\/v2\/product_cat?post=13753"},{"taxonomy":"product_tag","embeddable":true,"href":"https:\/\/ferruzca.amarilio.net\/en\/wp-json\/wp\/v2\/product_tag?post=13753"}],"curies":[{"name":"wp","href":"https:\/\/api.w.org\/{rel}","templated":true}]}}