{"id":13741,"date":"2026-03-19T07:41:42","date_gmt":"2026-03-19T07:41:42","guid":{"rendered":"https:\/\/ferruzca.amarilio.net\/product\/no-de-parte-60-12-9-024-0074\/"},"modified":"2026-04-08T22:49:28","modified_gmt":"2026-04-08T22:49:28","slug":"no-de-parte-60-12-9-024-0074","status":"publish","type":"product","link":"https:\/\/ferruzca.amarilio.net\/en\/product\/no-de-parte-60-12-9-024-0074\/","title":{"rendered":"NO. DE PARTE 60.12.9.024.0074"},"content":{"rendered":"<p>Rel\u00e9 industrial de 2 contactos de 10 A, Octal, apto para montaje enchufado en un z\u00f3calo de la serie 90. Bobina de CA o CC, contactos sin cadmio, equipado con pulsador de prueba bloqueable e indicador mec\u00e1nico (versi\u00f3n est\u00e1ndar).<\/p>","protected":false},"excerpt":{"rendered":"<p>Rel\u00e9 Industrial (24VDC) 2CC 10 A<\/p>","protected":false},"featured_media":6834,"comment_status":"open","ping_status":"closed","template":"","meta":[],"product_brand":[171],"product_cat":[355],"product_tag":[431],"class_list":{"0":"post-13741","1":"product","2":"type-product","3":"status-publish","4":"has-post-thumbnail","6":"product_brand-finder","7":"product_cat-relevadores","8":"product_tag-relevador-industrial","10":"first","11":"instock","12":"sale","13":"shipping-taxable","14":"purchasable","15":"product-type-simple"},"_links":{"self":[{"href":"https:\/\/ferruzca.amarilio.net\/en\/wp-json\/wp\/v2\/product\/13741","targetHints":{"allow":["GET"]}}],"collection":[{"href":"https:\/\/ferruzca.amarilio.net\/en\/wp-json\/wp\/v2\/product"}],"about":[{"href":"https:\/\/ferruzca.amarilio.net\/en\/wp-json\/wp\/v2\/types\/product"}],"replies":[{"embeddable":true,"href":"https:\/\/ferruzca.amarilio.net\/en\/wp-json\/wp\/v2\/comments?post=13741"}],"wp:featuredmedia":[{"embeddable":true,"href":"https:\/\/ferruzca.amarilio.net\/en\/wp-json\/wp\/v2\/media\/6834"}],"wp:attachment":[{"href":"https:\/\/ferruzca.amarilio.net\/en\/wp-json\/wp\/v2\/media?parent=13741"}],"wp:term":[{"taxonomy":"product_brand","embeddable":true,"href":"https:\/\/ferruzca.amarilio.net\/en\/wp-json\/wp\/v2\/product_brand?post=13741"},{"taxonomy":"product_cat","embeddable":true,"href":"https:\/\/ferruzca.amarilio.net\/en\/wp-json\/wp\/v2\/product_cat?post=13741"},{"taxonomy":"product_tag","embeddable":true,"href":"https:\/\/ferruzca.amarilio.net\/en\/wp-json\/wp\/v2\/product_tag?post=13741"}],"curies":[{"name":"wp","href":"https:\/\/api.w.org\/{rel}","templated":true}]}}