{"id":13715,"date":"2026-03-19T07:41:35","date_gmt":"2026-03-19T07:41:35","guid":{"rendered":"https:\/\/ferruzca.amarilio.net\/product\/no-de-parte-55-34-9-024-0040\/"},"modified":"2026-04-08T22:49:27","modified_gmt":"2026-04-08T22:49:27","slug":"no-de-parte-55-34-9-024-0040","status":"publish","type":"product","link":"https:\/\/ferruzca.amarilio.net\/en\/product\/no-de-parte-55-34-9-024-0040\/","title":{"rendered":"NO. DE PARTE 55.34.9.024.0040"},"content":{"rendered":"<p>Rel\u00e9 industrial de uso general adecuado para montaje en z\u00f3calo de la serie 94, con 4 contactos conmutados de 7 A. Equipado con bobina de CA o CC, pulsador de prueba bloqueable e indicador mec\u00e1nico est\u00e1ndar en 2 y 4 contactos. Variante con LED y m\u00f3dulo de protecci\u00f3n integrado. Adaptadores disponibles para montaje alternativo. Patente europea.<\/p>","protected":false},"excerpt":{"rendered":"<p>Rel\u00e9 Industrial 4CC (24VDC) 7 A<\/p>","protected":false},"featured_media":6828,"comment_status":"open","ping_status":"closed","template":"","meta":[],"product_brand":[171],"product_cat":[355],"product_tag":[431],"class_list":{"0":"post-13715","1":"product","2":"type-product","3":"status-publish","4":"has-post-thumbnail","6":"product_brand-finder","7":"product_cat-relevadores","8":"product_tag-relevador-industrial","10":"first","11":"instock","12":"sale","13":"shipping-taxable","14":"purchasable","15":"product-type-simple"},"_links":{"self":[{"href":"https:\/\/ferruzca.amarilio.net\/en\/wp-json\/wp\/v2\/product\/13715","targetHints":{"allow":["GET"]}}],"collection":[{"href":"https:\/\/ferruzca.amarilio.net\/en\/wp-json\/wp\/v2\/product"}],"about":[{"href":"https:\/\/ferruzca.amarilio.net\/en\/wp-json\/wp\/v2\/types\/product"}],"replies":[{"embeddable":true,"href":"https:\/\/ferruzca.amarilio.net\/en\/wp-json\/wp\/v2\/comments?post=13715"}],"wp:featuredmedia":[{"embeddable":true,"href":"https:\/\/ferruzca.amarilio.net\/en\/wp-json\/wp\/v2\/media\/6828"}],"wp:attachment":[{"href":"https:\/\/ferruzca.amarilio.net\/en\/wp-json\/wp\/v2\/media?parent=13715"}],"wp:term":[{"taxonomy":"product_brand","embeddable":true,"href":"https:\/\/ferruzca.amarilio.net\/en\/wp-json\/wp\/v2\/product_brand?post=13715"},{"taxonomy":"product_cat","embeddable":true,"href":"https:\/\/ferruzca.amarilio.net\/en\/wp-json\/wp\/v2\/product_cat?post=13715"},{"taxonomy":"product_tag","embeddable":true,"href":"https:\/\/ferruzca.amarilio.net\/en\/wp-json\/wp\/v2\/product_tag?post=13715"}],"curies":[{"name":"wp","href":"https:\/\/api.w.org\/{rel}","templated":true}]}}