{"id":13706,"date":"2026-03-19T07:41:32","date_gmt":"2026-03-19T07:41:32","guid":{"rendered":"https:\/\/ferruzca.amarilio.net\/product\/no-de-parte-55-33-9-048-0010\/"},"modified":"2026-04-08T22:49:27","modified_gmt":"2026-04-08T22:49:27","slug":"no-de-parte-55-33-9-048-0010","status":"publish","type":"product","link":"https:\/\/ferruzca.amarilio.net\/en\/product\/no-de-parte-55-33-9-048-0010\/","title":{"rendered":"NO. DE PARTE 55.33.9.048.0010"},"content":{"rendered":"<p>Rel\u00e9 industrial de uso general adecuado para montaje en z\u00f3calo de la serie 94, con 2 contactos conmutados de 10 A. Equipado con bobina de CA o CC, pulsador de prueba bloqueable e indicador mec\u00e1nico est\u00e1ndar en 2 y 4 contactos. Variante con LED y m\u00f3dulo de protecci\u00f3n integrado. Adaptadores disponibles para montaje alternativo. Patente europea.<\/p>","protected":false},"excerpt":{"rendered":"<p>Rel\u00e9 Industrial 3CC (48VDC) 10 A<\/p>","protected":false},"featured_media":6826,"comment_status":"open","ping_status":"closed","template":"","meta":[],"product_brand":[171],"product_cat":[355],"product_tag":[431],"class_list":{"0":"post-13706","1":"product","2":"type-product","3":"status-publish","4":"has-post-thumbnail","6":"product_brand-finder","7":"product_cat-relevadores","8":"product_tag-relevador-industrial","10":"first","11":"instock","12":"sale","13":"shipping-taxable","14":"purchasable","15":"product-type-simple"},"_links":{"self":[{"href":"https:\/\/ferruzca.amarilio.net\/en\/wp-json\/wp\/v2\/product\/13706","targetHints":{"allow":["GET"]}}],"collection":[{"href":"https:\/\/ferruzca.amarilio.net\/en\/wp-json\/wp\/v2\/product"}],"about":[{"href":"https:\/\/ferruzca.amarilio.net\/en\/wp-json\/wp\/v2\/types\/product"}],"replies":[{"embeddable":true,"href":"https:\/\/ferruzca.amarilio.net\/en\/wp-json\/wp\/v2\/comments?post=13706"}],"wp:featuredmedia":[{"embeddable":true,"href":"https:\/\/ferruzca.amarilio.net\/en\/wp-json\/wp\/v2\/media\/6826"}],"wp:attachment":[{"href":"https:\/\/ferruzca.amarilio.net\/en\/wp-json\/wp\/v2\/media?parent=13706"}],"wp:term":[{"taxonomy":"product_brand","embeddable":true,"href":"https:\/\/ferruzca.amarilio.net\/en\/wp-json\/wp\/v2\/product_brand?post=13706"},{"taxonomy":"product_cat","embeddable":true,"href":"https:\/\/ferruzca.amarilio.net\/en\/wp-json\/wp\/v2\/product_cat?post=13706"},{"taxonomy":"product_tag","embeddable":true,"href":"https:\/\/ferruzca.amarilio.net\/en\/wp-json\/wp\/v2\/product_tag?post=13706"}],"curies":[{"name":"wp","href":"https:\/\/api.w.org\/{rel}","templated":true}]}}