{"id":13689,"date":"2026-03-19T07:41:27","date_gmt":"2026-03-19T07:41:27","guid":{"rendered":"https:\/\/ferruzca.amarilio.net\/product\/no-de-parte-48-61-7-024-0050spa\/"},"modified":"2026-04-08T22:49:27","modified_gmt":"2026-04-08T22:49:27","slug":"no-de-parte-48-61-7-024-0050spa","status":"publish","type":"product","link":"https:\/\/ferruzca.amarilio.net\/en\/product\/no-de-parte-48-61-7-024-0050spa\/","title":{"rendered":"NO. DE PARTE 48.61.7.024.0050SPA"},"content":{"rendered":"<p>Interfaz modular de rel\u00e9 ideal para la interfaz con sistemas PLC. 1 contacto conmutado de 16 A. Equipado con bobina sensible de CA o CC, placa identificativa y contactos libres de cadmio. Se suministra con m\u00f3dulo de presencia de tensi\u00f3n y protecci\u00f3n de bobina. Terminales de tornillo. Ancho 15,8 mm.<\/p>","protected":false},"excerpt":{"rendered":"<p>Int. Modular con rel\u00e9 (24VDC) 1CC 16A<\/p>","protected":false},"featured_media":6819,"comment_status":"open","ping_status":"closed","template":"","meta":[],"product_brand":[171],"product_cat":[355],"product_tag":[421],"class_list":{"0":"post-13689","1":"product","2":"type-product","3":"status-publish","4":"has-post-thumbnail","6":"product_brand-finder","7":"product_cat-relevadores","8":"product_tag-interfaz-modular","10":"first","11":"instock","12":"sale","13":"shipping-taxable","14":"purchasable","15":"product-type-simple"},"_links":{"self":[{"href":"https:\/\/ferruzca.amarilio.net\/en\/wp-json\/wp\/v2\/product\/13689","targetHints":{"allow":["GET"]}}],"collection":[{"href":"https:\/\/ferruzca.amarilio.net\/en\/wp-json\/wp\/v2\/product"}],"about":[{"href":"https:\/\/ferruzca.amarilio.net\/en\/wp-json\/wp\/v2\/types\/product"}],"replies":[{"embeddable":true,"href":"https:\/\/ferruzca.amarilio.net\/en\/wp-json\/wp\/v2\/comments?post=13689"}],"wp:featuredmedia":[{"embeddable":true,"href":"https:\/\/ferruzca.amarilio.net\/en\/wp-json\/wp\/v2\/media\/6819"}],"wp:attachment":[{"href":"https:\/\/ferruzca.amarilio.net\/en\/wp-json\/wp\/v2\/media?parent=13689"}],"wp:term":[{"taxonomy":"product_brand","embeddable":true,"href":"https:\/\/ferruzca.amarilio.net\/en\/wp-json\/wp\/v2\/product_brand?post=13689"},{"taxonomy":"product_cat","embeddable":true,"href":"https:\/\/ferruzca.amarilio.net\/en\/wp-json\/wp\/v2\/product_cat?post=13689"},{"taxonomy":"product_tag","embeddable":true,"href":"https:\/\/ferruzca.amarilio.net\/en\/wp-json\/wp\/v2\/product_tag?post=13689"}],"curies":[{"name":"wp","href":"https:\/\/api.w.org\/{rel}","templated":true}]}}