{"id":13672,"date":"2026-03-19T07:41:23","date_gmt":"2026-03-19T07:41:23","guid":{"rendered":"https:\/\/ferruzca.amarilio.net\/product\/no-de-parte-41-81-7-024-9024\/"},"modified":"2026-04-08T22:49:25","modified_gmt":"2026-04-08T22:49:25","slug":"no-de-parte-41-81-7-024-9024","status":"publish","type":"product","link":"https:\/\/ferruzca.amarilio.net\/en\/product\/no-de-parte-41-81-7-024-9024\/","title":{"rendered":"NO. DE PARTE 41.81.7.024.9024"},"content":{"rendered":"<p>Mini rel\u00e9 de CI de estado s\u00f3lido (SSR) 1 contacto 5 A (separaci\u00f3n contacto de 5 mm), adecuado para montaje en CI o z\u00f3calos de la serie 93. Equipado con un solo circuito de salida disponible con: 5 A 24 V CC o 3 A 240 V CA. Silencioso y con alta velocidad de conmutaci\u00f3n y vida el\u00e9ctrica. Tambi\u00e9n equipado con indicador LED, de perfil bajo (15,7 mm). Lavable: RT III. Aislamiento entre entrada-salida 2500 V AC.<\/p>","protected":false},"excerpt":{"rendered":"<p>Rel\u00e9 SSR (24VDC) 1NA @ 24VDC 5 A<\/p>","protected":false},"featured_media":0,"comment_status":"open","ping_status":"closed","template":"","meta":[],"product_brand":[171],"product_cat":[355],"product_tag":[428],"class_list":{"0":"post-13672","1":"product","2":"type-product","3":"status-publish","5":"product_brand-finder","6":"product_cat-relevadores","7":"product_tag-mini-relevador","9":"first","10":"instock","11":"sale","12":"shipping-taxable","13":"purchasable","14":"product-type-simple"},"_links":{"self":[{"href":"https:\/\/ferruzca.amarilio.net\/en\/wp-json\/wp\/v2\/product\/13672","targetHints":{"allow":["GET"]}}],"collection":[{"href":"https:\/\/ferruzca.amarilio.net\/en\/wp-json\/wp\/v2\/product"}],"about":[{"href":"https:\/\/ferruzca.amarilio.net\/en\/wp-json\/wp\/v2\/types\/product"}],"replies":[{"embeddable":true,"href":"https:\/\/ferruzca.amarilio.net\/en\/wp-json\/wp\/v2\/comments?post=13672"}],"wp:attachment":[{"href":"https:\/\/ferruzca.amarilio.net\/en\/wp-json\/wp\/v2\/media?parent=13672"}],"wp:term":[{"taxonomy":"product_brand","embeddable":true,"href":"https:\/\/ferruzca.amarilio.net\/en\/wp-json\/wp\/v2\/product_brand?post=13672"},{"taxonomy":"product_cat","embeddable":true,"href":"https:\/\/ferruzca.amarilio.net\/en\/wp-json\/wp\/v2\/product_cat?post=13672"},{"taxonomy":"product_tag","embeddable":true,"href":"https:\/\/ferruzca.amarilio.net\/en\/wp-json\/wp\/v2\/product_tag?post=13672"}],"curies":[{"name":"wp","href":"https:\/\/api.w.org\/{rel}","templated":true}]}}