{"id":13671,"date":"2026-03-19T07:41:22","date_gmt":"2026-03-19T07:41:22","guid":{"rendered":"https:\/\/ferruzca.amarilio.net\/product\/no-de-parte-41-52-9-012-0010\/"},"modified":"2026-04-08T22:49:25","modified_gmt":"2026-04-08T22:49:25","slug":"no-de-parte-41-52-9-012-0010","status":"publish","type":"product","link":"https:\/\/ferruzca.amarilio.net\/en\/product\/no-de-parte-41-52-9-012-0010\/","title":{"rendered":"NO. DE PARTE 41.52.9.012.0010"},"content":{"rendered":"<p>Mini rel\u00e9 para CI de 12 A (separaci\u00f3n contacto de 3,5 mm) de 1 contacto, adecuado para montaje en CI o z\u00f3calos de la serie 95. Equipado con bobina de CA y CC. 8 mm, 6 kV (1,2\/50 \u03bcs) entre la bobina y los contactos. Contactos sin cadmio. A prueba de flujo: est\u00e1ndar RT II, (tambi\u00e9n disponible la versi\u00f3n RT III).<\/p>","protected":false},"excerpt":{"rendered":"<p>Rel\u00e9 2CC (12VDC) 8 A<\/p>","protected":false},"featured_media":0,"comment_status":"open","ping_status":"closed","template":"","meta":[],"product_brand":[171],"product_cat":[355],"product_tag":[428],"class_list":{"0":"post-13671","1":"product","2":"type-product","3":"status-publish","5":"product_brand-finder","6":"product_cat-relevadores","7":"product_tag-mini-relevador","9":"first","10":"instock","11":"sale","12":"shipping-taxable","13":"purchasable","14":"product-type-simple"},"_links":{"self":[{"href":"https:\/\/ferruzca.amarilio.net\/en\/wp-json\/wp\/v2\/product\/13671","targetHints":{"allow":["GET"]}}],"collection":[{"href":"https:\/\/ferruzca.amarilio.net\/en\/wp-json\/wp\/v2\/product"}],"about":[{"href":"https:\/\/ferruzca.amarilio.net\/en\/wp-json\/wp\/v2\/types\/product"}],"replies":[{"embeddable":true,"href":"https:\/\/ferruzca.amarilio.net\/en\/wp-json\/wp\/v2\/comments?post=13671"}],"wp:attachment":[{"href":"https:\/\/ferruzca.amarilio.net\/en\/wp-json\/wp\/v2\/media?parent=13671"}],"wp:term":[{"taxonomy":"product_brand","embeddable":true,"href":"https:\/\/ferruzca.amarilio.net\/en\/wp-json\/wp\/v2\/product_brand?post=13671"},{"taxonomy":"product_cat","embeddable":true,"href":"https:\/\/ferruzca.amarilio.net\/en\/wp-json\/wp\/v2\/product_cat?post=13671"},{"taxonomy":"product_tag","embeddable":true,"href":"https:\/\/ferruzca.amarilio.net\/en\/wp-json\/wp\/v2\/product_tag?post=13671"}],"curies":[{"name":"wp","href":"https:\/\/api.w.org\/{rel}","templated":true}]}}