{"id":13630,"date":"2026-03-19T07:41:08","date_gmt":"2026-03-19T07:41:08","guid":{"rendered":"https:\/\/ferruzca.amarilio.net\/product\/no-de-parte-38-81-7-024-9024\/"},"modified":"2026-04-08T22:49:24","modified_gmt":"2026-04-08T22:49:24","slug":"no-de-parte-38-81-7-024-9024","status":"publish","type":"product","link":"https:\/\/ferruzca.amarilio.net\/en\/product\/no-de-parte-38-81-7-024-9024\/","title":{"rendered":"NO. DE PARTE 38.81.7.024.9024"},"content":{"rendered":"<p>Interfaz modular con rel\u00e9 de estado s\u00f3lido, salida SSR \u00fanica. Terminales de tornillo. Circuito de entrada de CC y circuito de salida de CA o CC. Se suministra con circuito de presencia de tensi\u00f3n y protecci\u00f3n de bobina.<\/p>","protected":false},"excerpt":{"rendered":"<p>Int. Modular SSR (24VDC) 1NA @ 24VDC 6A<\/p>","protected":false},"featured_media":0,"comment_status":"open","ping_status":"closed","template":"","meta":[],"product_brand":[171],"product_cat":[355],"product_tag":[421],"class_list":{"0":"post-13630","1":"product","2":"type-product","3":"status-publish","5":"product_brand-finder","6":"product_cat-relevadores","7":"product_tag-interfaz-modular","9":"first","10":"instock","11":"sale","12":"shipping-taxable","13":"purchasable","14":"product-type-simple"},"_links":{"self":[{"href":"https:\/\/ferruzca.amarilio.net\/en\/wp-json\/wp\/v2\/product\/13630","targetHints":{"allow":["GET"]}}],"collection":[{"href":"https:\/\/ferruzca.amarilio.net\/en\/wp-json\/wp\/v2\/product"}],"about":[{"href":"https:\/\/ferruzca.amarilio.net\/en\/wp-json\/wp\/v2\/types\/product"}],"replies":[{"embeddable":true,"href":"https:\/\/ferruzca.amarilio.net\/en\/wp-json\/wp\/v2\/comments?post=13630"}],"wp:attachment":[{"href":"https:\/\/ferruzca.amarilio.net\/en\/wp-json\/wp\/v2\/media?parent=13630"}],"wp:term":[{"taxonomy":"product_brand","embeddable":true,"href":"https:\/\/ferruzca.amarilio.net\/en\/wp-json\/wp\/v2\/product_brand?post=13630"},{"taxonomy":"product_cat","embeddable":true,"href":"https:\/\/ferruzca.amarilio.net\/en\/wp-json\/wp\/v2\/product_cat?post=13630"},{"taxonomy":"product_tag","embeddable":true,"href":"https:\/\/ferruzca.amarilio.net\/en\/wp-json\/wp\/v2\/product_tag?post=13630"}],"curies":[{"name":"wp","href":"https:\/\/api.w.org\/{rel}","templated":true}]}}