{"id":13619,"date":"2026-03-19T07:41:06","date_gmt":"2026-03-19T07:41:06","guid":{"rendered":"https:\/\/ferruzca.amarilio.net\/product\/no-de-parte-38-31-7-024-8240\/"},"modified":"2026-04-08T22:49:23","modified_gmt":"2026-04-08T22:49:23","slug":"no-de-parte-38-31-7-024-8240","status":"publish","type":"product","link":"https:\/\/ferruzca.amarilio.net\/en\/product\/no-de-parte-38-31-7-024-8240\/","title":{"rendered":"NO. DE PARTE 38.31.7.024.8240"},"content":{"rendered":"<p>Interfaz modular de rel\u00e9 de estado s\u00f3lido, con una sola salida. Terminales de tornillo. Con circuito de salida de CA o CC y circuito de entrada de CC. Dise\u00f1ado para interactuar con sistemas PLC. Silencioso, con alta velocidad de conmutaci\u00f3n y larga vida el\u00e9ctrica.<\/p>","protected":false},"excerpt":{"rendered":"<p>Int. Modular SSR (24VDC) 1NA @ 240VAC 3A<\/p>","protected":false},"featured_media":0,"comment_status":"open","ping_status":"closed","template":"","meta":[],"product_brand":[171],"product_cat":[355],"product_tag":[421],"class_list":{"0":"post-13619","1":"product","2":"type-product","3":"status-publish","5":"product_brand-finder","6":"product_cat-relevadores","7":"product_tag-interfaz-modular","9":"first","10":"instock","11":"sale","12":"shipping-taxable","13":"purchasable","14":"product-type-simple"},"_links":{"self":[{"href":"https:\/\/ferruzca.amarilio.net\/en\/wp-json\/wp\/v2\/product\/13619","targetHints":{"allow":["GET"]}}],"collection":[{"href":"https:\/\/ferruzca.amarilio.net\/en\/wp-json\/wp\/v2\/product"}],"about":[{"href":"https:\/\/ferruzca.amarilio.net\/en\/wp-json\/wp\/v2\/types\/product"}],"replies":[{"embeddable":true,"href":"https:\/\/ferruzca.amarilio.net\/en\/wp-json\/wp\/v2\/comments?post=13619"}],"wp:attachment":[{"href":"https:\/\/ferruzca.amarilio.net\/en\/wp-json\/wp\/v2\/media?parent=13619"}],"wp:term":[{"taxonomy":"product_brand","embeddable":true,"href":"https:\/\/ferruzca.amarilio.net\/en\/wp-json\/wp\/v2\/product_brand?post=13619"},{"taxonomy":"product_cat","embeddable":true,"href":"https:\/\/ferruzca.amarilio.net\/en\/wp-json\/wp\/v2\/product_cat?post=13619"},{"taxonomy":"product_tag","embeddable":true,"href":"https:\/\/ferruzca.amarilio.net\/en\/wp-json\/wp\/v2\/product_tag?post=13619"}],"curies":[{"name":"wp","href":"https:\/\/api.w.org\/{rel}","templated":true}]}}