{"id":13618,"date":"2026-03-19T07:41:05","date_gmt":"2026-03-19T07:41:05","guid":{"rendered":"https:\/\/ferruzca.amarilio.net\/product\/no-de-parte-36-11-9-024-4011\/"},"modified":"2026-04-08T22:49:23","modified_gmt":"2026-04-08T22:49:23","slug":"no-de-parte-36-11-9-024-4011","status":"publish","type":"product","link":"https:\/\/ferruzca.amarilio.net\/en\/product\/no-de-parte-36-11-9-024-4011\/","title":{"rendered":"NO. DE PARTE 36.11.9.024.4011"},"content":{"rendered":"<p>Mini rel\u00e9 para circuito impreso, 1 contacto conmutado 10A. Rel\u00e9 tama\u00f1o tipo dado. Lavable: RT III<\/p>","protected":false},"excerpt":{"rendered":"<p>Mini-rel\u00e9 para CI (24VDC) 1CC 10A RT III<\/p>","protected":false},"featured_media":0,"comment_status":"open","ping_status":"closed","template":"","meta":[],"product_brand":[171],"product_cat":[355],"product_tag":[428],"class_list":{"0":"post-13618","1":"product","2":"type-product","3":"status-publish","5":"product_brand-finder","6":"product_cat-relevadores","7":"product_tag-mini-relevador","9":"first","10":"outofstock","11":"sale","12":"shipping-taxable","13":"purchasable","14":"product-type-simple"},"_links":{"self":[{"href":"https:\/\/ferruzca.amarilio.net\/en\/wp-json\/wp\/v2\/product\/13618","targetHints":{"allow":["GET"]}}],"collection":[{"href":"https:\/\/ferruzca.amarilio.net\/en\/wp-json\/wp\/v2\/product"}],"about":[{"href":"https:\/\/ferruzca.amarilio.net\/en\/wp-json\/wp\/v2\/types\/product"}],"replies":[{"embeddable":true,"href":"https:\/\/ferruzca.amarilio.net\/en\/wp-json\/wp\/v2\/comments?post=13618"}],"wp:attachment":[{"href":"https:\/\/ferruzca.amarilio.net\/en\/wp-json\/wp\/v2\/media?parent=13618"}],"wp:term":[{"taxonomy":"product_brand","embeddable":true,"href":"https:\/\/ferruzca.amarilio.net\/en\/wp-json\/wp\/v2\/product_brand?post=13618"},{"taxonomy":"product_cat","embeddable":true,"href":"https:\/\/ferruzca.amarilio.net\/en\/wp-json\/wp\/v2\/product_cat?post=13618"},{"taxonomy":"product_tag","embeddable":true,"href":"https:\/\/ferruzca.amarilio.net\/en\/wp-json\/wp\/v2\/product_tag?post=13618"}],"curies":[{"name":"wp","href":"https:\/\/api.w.org\/{rel}","templated":true}]}}