{"id":13617,"date":"2026-03-19T07:41:05","date_gmt":"2026-03-19T07:41:05","guid":{"rendered":"https:\/\/ferruzca.amarilio.net\/product\/no-de-parte-34-81-7-060-9024\/"},"modified":"2026-04-08T22:49:23","modified_gmt":"2026-04-08T22:49:23","slug":"no-de-parte-34-81-7-060-9024","status":"publish","type":"product","link":"https:\/\/ferruzca.amarilio.net\/en\/product\/no-de-parte-34-81-7-060-9024\/","title":{"rendered":"NO. DE PARTE 34.81.7.060.9024"},"content":{"rendered":"<p>Rel\u00e9 de estado s\u00f3lido (SSR) para montaje en CI o en z\u00f3calo para carril de la Serie 93. Silencioso, alta velocidad de conmutaci\u00f3n y larga vida el\u00e9ctrica. 0.1 &#8211; 6 A, ultra delgado.<\/p>","protected":false},"excerpt":{"rendered":"<p>Rel\u00e9 SSR para CI (60VDC) 1NA @ 24V DC 6A<\/p>","protected":false},"featured_media":0,"comment_status":"open","ping_status":"closed","template":"","meta":[],"product_brand":[171],"product_cat":[355],"product_tag":[428],"class_list":{"0":"post-13617","1":"product","2":"type-product","3":"status-publish","5":"product_brand-finder","6":"product_cat-relevadores","7":"product_tag-mini-relevador","9":"first","10":"instock","11":"sale","12":"shipping-taxable","13":"purchasable","14":"product-type-simple"},"_links":{"self":[{"href":"https:\/\/ferruzca.amarilio.net\/en\/wp-json\/wp\/v2\/product\/13617","targetHints":{"allow":["GET"]}}],"collection":[{"href":"https:\/\/ferruzca.amarilio.net\/en\/wp-json\/wp\/v2\/product"}],"about":[{"href":"https:\/\/ferruzca.amarilio.net\/en\/wp-json\/wp\/v2\/types\/product"}],"replies":[{"embeddable":true,"href":"https:\/\/ferruzca.amarilio.net\/en\/wp-json\/wp\/v2\/comments?post=13617"}],"wp:attachment":[{"href":"https:\/\/ferruzca.amarilio.net\/en\/wp-json\/wp\/v2\/media?parent=13617"}],"wp:term":[{"taxonomy":"product_brand","embeddable":true,"href":"https:\/\/ferruzca.amarilio.net\/en\/wp-json\/wp\/v2\/product_brand?post=13617"},{"taxonomy":"product_cat","embeddable":true,"href":"https:\/\/ferruzca.amarilio.net\/en\/wp-json\/wp\/v2\/product_cat?post=13617"},{"taxonomy":"product_tag","embeddable":true,"href":"https:\/\/ferruzca.amarilio.net\/en\/wp-json\/wp\/v2\/product_tag?post=13617"}],"curies":[{"name":"wp","href":"https:\/\/api.w.org\/{rel}","templated":true}]}}