{"id":13609,"date":"2026-03-19T07:41:03","date_gmt":"2026-03-19T07:41:03","guid":{"rendered":"https:\/\/ferruzca.amarilio.net\/product\/no-de-parte-32-21-7-024-2300\/"},"modified":"2026-04-08T22:49:23","modified_gmt":"2026-04-08T22:49:23","slug":"no-de-parte-32-21-7-024-2300","status":"publish","type":"product","link":"https:\/\/ferruzca.amarilio.net\/en\/product\/no-de-parte-32-21-7-024-2300\/","title":{"rendered":"NO. DE PARTE 32.21.7.024.2300"},"content":{"rendered":"<p>Rel\u00e9 electromec\u00e1nico para circuito impreso ultra delgado con 1 contacto &#8211; 6 A y bobina de bajo consumo. Montaje en CI o en z\u00f3calo para carril de la Serie 93.<\/p>","protected":false},"excerpt":{"rendered":"<p>Rel\u00e9 para CI (24 VDC) 1NA 6A<\/p>","protected":false},"featured_media":0,"comment_status":"open","ping_status":"closed","template":"","meta":[],"product_brand":[171],"product_cat":[355],"product_tag":[428],"class_list":{"0":"post-13609","1":"product","2":"type-product","3":"status-publish","5":"product_brand-finder","6":"product_cat-relevadores","7":"product_tag-mini-relevador","9":"first","10":"instock","11":"sale","12":"shipping-taxable","13":"purchasable","14":"product-type-simple"},"_links":{"self":[{"href":"https:\/\/ferruzca.amarilio.net\/en\/wp-json\/wp\/v2\/product\/13609","targetHints":{"allow":["GET"]}}],"collection":[{"href":"https:\/\/ferruzca.amarilio.net\/en\/wp-json\/wp\/v2\/product"}],"about":[{"href":"https:\/\/ferruzca.amarilio.net\/en\/wp-json\/wp\/v2\/types\/product"}],"replies":[{"embeddable":true,"href":"https:\/\/ferruzca.amarilio.net\/en\/wp-json\/wp\/v2\/comments?post=13609"}],"wp:attachment":[{"href":"https:\/\/ferruzca.amarilio.net\/en\/wp-json\/wp\/v2\/media?parent=13609"}],"wp:term":[{"taxonomy":"product_brand","embeddable":true,"href":"https:\/\/ferruzca.amarilio.net\/en\/wp-json\/wp\/v2\/product_brand?post=13609"},{"taxonomy":"product_cat","embeddable":true,"href":"https:\/\/ferruzca.amarilio.net\/en\/wp-json\/wp\/v2\/product_cat?post=13609"},{"taxonomy":"product_tag","embeddable":true,"href":"https:\/\/ferruzca.amarilio.net\/en\/wp-json\/wp\/v2\/product_tag?post=13609"}],"curies":[{"name":"wp","href":"https:\/\/api.w.org\/{rel}","templated":true}]}}