{"id":13608,"date":"2026-03-19T07:41:03","date_gmt":"2026-03-19T07:41:03","guid":{"rendered":"https:\/\/ferruzca.amarilio.net\/product\/no-de-parte-30-22-7-024-0020\/"},"modified":"2026-04-08T22:49:23","modified_gmt":"2026-04-08T22:49:23","slug":"no-de-parte-30-22-7-024-0020","status":"publish","type":"product","link":"https:\/\/ferruzca.amarilio.net\/en\/product\/no-de-parte-30-22-7-024-0020\/","title":{"rendered":"NO. DE PARTE 30.22.7.024.0020"},"content":{"rendered":"<p>Rel\u00e9s duales en l\u00ednea de montaje en CI con dos contactos conmutadores para conmutaci\u00f3n de cargas de baja potencia.<\/p>","protected":false},"excerpt":{"rendered":"<p>Rel\u00e9 subminiatura (24 VDC) 2CC 2A RT III<\/p>","protected":false},"featured_media":0,"comment_status":"open","ping_status":"closed","template":"","meta":[],"product_brand":[171],"product_cat":[355],"product_tag":[427],"class_list":{"0":"post-13608","1":"product","2":"type-product","3":"status-publish","5":"product_brand-finder","6":"product_cat-relevadores","7":"product_tag-relevador-dual-en-linea","9":"first","10":"instock","11":"sale","12":"shipping-taxable","13":"purchasable","14":"product-type-simple"},"_links":{"self":[{"href":"https:\/\/ferruzca.amarilio.net\/en\/wp-json\/wp\/v2\/product\/13608","targetHints":{"allow":["GET"]}}],"collection":[{"href":"https:\/\/ferruzca.amarilio.net\/en\/wp-json\/wp\/v2\/product"}],"about":[{"href":"https:\/\/ferruzca.amarilio.net\/en\/wp-json\/wp\/v2\/types\/product"}],"replies":[{"embeddable":true,"href":"https:\/\/ferruzca.amarilio.net\/en\/wp-json\/wp\/v2\/comments?post=13608"}],"wp:attachment":[{"href":"https:\/\/ferruzca.amarilio.net\/en\/wp-json\/wp\/v2\/media?parent=13608"}],"wp:term":[{"taxonomy":"product_brand","embeddable":true,"href":"https:\/\/ferruzca.amarilio.net\/en\/wp-json\/wp\/v2\/product_brand?post=13608"},{"taxonomy":"product_cat","embeddable":true,"href":"https:\/\/ferruzca.amarilio.net\/en\/wp-json\/wp\/v2\/product_cat?post=13608"},{"taxonomy":"product_tag","embeddable":true,"href":"https:\/\/ferruzca.amarilio.net\/en\/wp-json\/wp\/v2\/product_tag?post=13608"}],"curies":[{"name":"wp","href":"https:\/\/api.w.org\/{rel}","templated":true}]}}