{"id":13596,"date":"2026-03-19T07:40:59","date_gmt":"2026-03-19T07:40:59","guid":{"rendered":"https:\/\/ferruzca.amarilio.net\/product\/no-de-parte-18-51-8-230-0300\/"},"modified":"2026-04-08T22:49:22","modified_gmt":"2026-04-08T22:49:22","slug":"no-de-parte-18-51-8-230-0300","status":"publish","type":"product","link":"https:\/\/ferruzca.amarilio.net\/en\/product\/no-de-parte-18-51-8-230-0300\/","title":{"rendered":"NO. DE PARTE 18.51.8.230.0300"},"content":{"rendered":"<p>Detector de movimiento y presencia con terminales push-in adecuado para instalaci\u00f3n en interior. El tipo 18.51 cuenta con un gran \u00e1rea de detecci\u00f3n (hasta 64m2) y est\u00e1 dise\u00f1ado para detectar tanto la presencia de los ocupantes como el movimiento para las \u00e1reas de paso o con mayor actividad. La instalaci\u00f3n, que puede ser tanto en superf\u00edcie como empotrada, es particularmente r\u00e1pida gracias a la conexi\u00f3n de cable con terminales push-in.<\/p>","protected":false},"excerpt":{"rendered":"<p>Detector de Mov. 110.230V AC 1NA Libre de potenc<\/p>","protected":false},"featured_media":6778,"comment_status":"open","ping_status":"closed","template":"","meta":[],"product_brand":[171],"product_cat":[419],"product_tag":[420],"class_list":{"0":"post-13596","1":"product","2":"type-product","3":"status-publish","4":"has-post-thumbnail","6":"product_brand-finder","7":"product_cat-domotica","8":"product_tag-detector-de-movimiento","10":"first","11":"instock","12":"sale","13":"shipping-taxable","14":"purchasable","15":"product-type-simple"},"_links":{"self":[{"href":"https:\/\/ferruzca.amarilio.net\/en\/wp-json\/wp\/v2\/product\/13596","targetHints":{"allow":["GET"]}}],"collection":[{"href":"https:\/\/ferruzca.amarilio.net\/en\/wp-json\/wp\/v2\/product"}],"about":[{"href":"https:\/\/ferruzca.amarilio.net\/en\/wp-json\/wp\/v2\/types\/product"}],"replies":[{"embeddable":true,"href":"https:\/\/ferruzca.amarilio.net\/en\/wp-json\/wp\/v2\/comments?post=13596"}],"wp:featuredmedia":[{"embeddable":true,"href":"https:\/\/ferruzca.amarilio.net\/en\/wp-json\/wp\/v2\/media\/6778"}],"wp:attachment":[{"href":"https:\/\/ferruzca.amarilio.net\/en\/wp-json\/wp\/v2\/media?parent=13596"}],"wp:term":[{"taxonomy":"product_brand","embeddable":true,"href":"https:\/\/ferruzca.amarilio.net\/en\/wp-json\/wp\/v2\/product_brand?post=13596"},{"taxonomy":"product_cat","embeddable":true,"href":"https:\/\/ferruzca.amarilio.net\/en\/wp-json\/wp\/v2\/product_cat?post=13596"},{"taxonomy":"product_tag","embeddable":true,"href":"https:\/\/ferruzca.amarilio.net\/en\/wp-json\/wp\/v2\/product_tag?post=13596"}],"curies":[{"name":"wp","href":"https:\/\/api.w.org\/{rel}","templated":true}]}}