{"id":13587,"date":"2026-03-19T07:40:56","date_gmt":"2026-03-19T07:40:56","guid":{"rendered":"https:\/\/ferruzca.amarilio.net\/product\/no-de-parte-12-62-8-230-0000\/"},"modified":"2026-04-08T22:49:22","modified_gmt":"2026-04-08T22:49:22","slug":"no-de-parte-12-62-8-230-0000","status":"publish","type":"product","link":"https:\/\/ferruzca.amarilio.net\/en\/product\/no-de-parte-12-62-8-230-0000\/","title":{"rendered":"NO. DE PARTE 12.62.8.230.0000"},"content":{"rendered":"<p>Interruptor horario digital con programaci\u00f3n semanal. 2 contactos conmutados de 16A, programaci\u00f3n de encendido\/apagado y funci\u00f3n de pulso. Permite dos m\u00e9todos de programaci\u00f3n: Cl\u00e1sico (con joystick) o Smart (con tel\u00e9fono inteligente con tecnolog\u00eda NFC). Intervalo de programaci\u00f3n m\u00ednimo 1 minuto. Ancho 35 mm.<\/p>","protected":false},"excerpt":{"rendered":"<p>Int. Horario Digital. Sem 110&#8230;230V AC\/DC 2CC<\/p>","protected":false},"featured_media":6773,"comment_status":"open","ping_status":"closed","template":"","meta":[],"product_brand":[171],"product_cat":[354],"product_tag":[416],"class_list":{"0":"post-13587","1":"product","2":"type-product","3":"status-publish","4":"has-post-thumbnail","6":"product_brand-finder","7":"product_cat-interruptores","8":"product_tag-interruptor-horario","10":"first","11":"instock","12":"sale","13":"shipping-taxable","14":"purchasable","15":"product-type-simple"},"_links":{"self":[{"href":"https:\/\/ferruzca.amarilio.net\/en\/wp-json\/wp\/v2\/product\/13587","targetHints":{"allow":["GET"]}}],"collection":[{"href":"https:\/\/ferruzca.amarilio.net\/en\/wp-json\/wp\/v2\/product"}],"about":[{"href":"https:\/\/ferruzca.amarilio.net\/en\/wp-json\/wp\/v2\/types\/product"}],"replies":[{"embeddable":true,"href":"https:\/\/ferruzca.amarilio.net\/en\/wp-json\/wp\/v2\/comments?post=13587"}],"wp:featuredmedia":[{"embeddable":true,"href":"https:\/\/ferruzca.amarilio.net\/en\/wp-json\/wp\/v2\/media\/6773"}],"wp:attachment":[{"href":"https:\/\/ferruzca.amarilio.net\/en\/wp-json\/wp\/v2\/media?parent=13587"}],"wp:term":[{"taxonomy":"product_brand","embeddable":true,"href":"https:\/\/ferruzca.amarilio.net\/en\/wp-json\/wp\/v2\/product_brand?post=13587"},{"taxonomy":"product_cat","embeddable":true,"href":"https:\/\/ferruzca.amarilio.net\/en\/wp-json\/wp\/v2\/product_cat?post=13587"},{"taxonomy":"product_tag","embeddable":true,"href":"https:\/\/ferruzca.amarilio.net\/en\/wp-json\/wp\/v2\/product_tag?post=13587"}],"curies":[{"name":"wp","href":"https:\/\/api.w.org\/{rel}","templated":true}]}}