{"id":13583,"date":"2026-03-19T07:40:54","date_gmt":"2026-03-19T07:40:54","guid":{"rendered":"https:\/\/ferruzca.amarilio.net\/product\/no-de-parte-10-51-8-120-0000\/"},"modified":"2026-04-08T22:49:22","modified_gmt":"2026-04-08T22:49:22","slug":"no-de-parte-10-51-8-120-0000","status":"publish","type":"product","link":"https:\/\/ferruzca.amarilio.net\/en\/product\/no-de-parte-10-51-8-120-0000\/","title":{"rendered":"NO. DE PARTE 10.51.8.120.0000"},"content":{"rendered":"<p>Rel\u00e9 crepuscular dise\u00f1ado para encender l\u00e1mparas en funci\u00f3n del nivel de luminosidad del entorno circundante. Instalaci\u00f3n de montaje en poste y pared. Peque\u00f1o. Equipado con 1 salida NA 12 A, corte unipolar (L), ajuste de sensibilidad de 1 a 80 lux.<\/p>","protected":false},"excerpt":{"rendered":"<p>Interruptor crepuscular 120V AC 1NA 12A<\/p>","protected":false},"featured_media":6771,"comment_status":"open","ping_status":"closed","template":"","meta":[],"product_brand":[171],"product_cat":[355],"product_tag":[415],"class_list":{"0":"post-13583","1":"product","2":"type-product","3":"status-publish","4":"has-post-thumbnail","6":"product_brand-finder","7":"product_cat-relevadores","8":"product_tag-revelador-crepuscular","10":"first","11":"instock","12":"sale","13":"shipping-taxable","14":"purchasable","15":"product-type-simple"},"_links":{"self":[{"href":"https:\/\/ferruzca.amarilio.net\/en\/wp-json\/wp\/v2\/product\/13583","targetHints":{"allow":["GET"]}}],"collection":[{"href":"https:\/\/ferruzca.amarilio.net\/en\/wp-json\/wp\/v2\/product"}],"about":[{"href":"https:\/\/ferruzca.amarilio.net\/en\/wp-json\/wp\/v2\/types\/product"}],"replies":[{"embeddable":true,"href":"https:\/\/ferruzca.amarilio.net\/en\/wp-json\/wp\/v2\/comments?post=13583"}],"wp:featuredmedia":[{"embeddable":true,"href":"https:\/\/ferruzca.amarilio.net\/en\/wp-json\/wp\/v2\/media\/6771"}],"wp:attachment":[{"href":"https:\/\/ferruzca.amarilio.net\/en\/wp-json\/wp\/v2\/media?parent=13583"}],"wp:term":[{"taxonomy":"product_brand","embeddable":true,"href":"https:\/\/ferruzca.amarilio.net\/en\/wp-json\/wp\/v2\/product_brand?post=13583"},{"taxonomy":"product_cat","embeddable":true,"href":"https:\/\/ferruzca.amarilio.net\/en\/wp-json\/wp\/v2\/product_cat?post=13583"},{"taxonomy":"product_tag","embeddable":true,"href":"https:\/\/ferruzca.amarilio.net\/en\/wp-json\/wp\/v2\/product_tag?post=13583"}],"curies":[{"name":"wp","href":"https:\/\/api.w.org\/{rel}","templated":true}]}}