{"id":13578,"date":"2026-03-19T07:40:50","date_gmt":"2026-03-19T07:40:50","guid":{"rendered":"https:\/\/ferruzca.amarilio.net\/product\/atdr1-4-2\/"},"modified":"2026-04-08T22:49:18","modified_gmt":"2026-04-08T22:49:18","slug":"atdr1-4-2","status":"publish","type":"product","link":"https:\/\/ferruzca.amarilio.net\/en\/product\/atdr1-4-2\/","title":{"rendered":"ATDR1\/4"},"content":{"rendered":"<p>Los fusibles ATDR de peque\u00f1o tama\u00f1o con retardo Amp-Trap 2000 proporcionan protecci\u00f3n IEC Tipo 2 &#8220;sin da\u00f1os&#8221; a los componentes de circuitos derivados y motores peque\u00f1os, cada vez m\u00e1s sensibles, de sus instalaciones, minimizando as\u00ed el riesgo de da\u00f1os por fallas. Los fusibles ATDR Clase CC ofrecen las mejores caracter\u00edsticas de retardo de su clase, con una excelente capacidad de ciclo para cargas de motores peque\u00f1os.<\/p>","protected":false},"excerpt":{"rendered":"<p>FUSIBLE ATDR TIPO CC 1\/4A 600V MERSEN<\/p>","protected":false},"featured_media":14541,"comment_status":"open","ping_status":"closed","template":"","meta":[],"product_brand":[127],"product_cat":[366],"product_tag":[406],"class_list":{"0":"post-13578","1":"product","2":"type-product","3":"status-publish","4":"has-post-thumbnail","6":"product_brand-mersen","7":"product_cat-fusibles","8":"product_tag-fusible-de-retardo-clase-j","10":"first","11":"instock","12":"sale","13":"shipping-taxable","14":"purchasable","15":"product-type-simple"},"_links":{"self":[{"href":"https:\/\/ferruzca.amarilio.net\/en\/wp-json\/wp\/v2\/product\/13578","targetHints":{"allow":["GET"]}}],"collection":[{"href":"https:\/\/ferruzca.amarilio.net\/en\/wp-json\/wp\/v2\/product"}],"about":[{"href":"https:\/\/ferruzca.amarilio.net\/en\/wp-json\/wp\/v2\/types\/product"}],"replies":[{"embeddable":true,"href":"https:\/\/ferruzca.amarilio.net\/en\/wp-json\/wp\/v2\/comments?post=13578"}],"wp:featuredmedia":[{"embeddable":true,"href":"https:\/\/ferruzca.amarilio.net\/en\/wp-json\/wp\/v2\/media\/14541"}],"wp:attachment":[{"href":"https:\/\/ferruzca.amarilio.net\/en\/wp-json\/wp\/v2\/media?parent=13578"}],"wp:term":[{"taxonomy":"product_brand","embeddable":true,"href":"https:\/\/ferruzca.amarilio.net\/en\/wp-json\/wp\/v2\/product_brand?post=13578"},{"taxonomy":"product_cat","embeddable":true,"href":"https:\/\/ferruzca.amarilio.net\/en\/wp-json\/wp\/v2\/product_cat?post=13578"},{"taxonomy":"product_tag","embeddable":true,"href":"https:\/\/ferruzca.amarilio.net\/en\/wp-json\/wp\/v2\/product_tag?post=13578"}],"curies":[{"name":"wp","href":"https:\/\/api.w.org\/{rel}","templated":true}]}}