{"id":13554,"date":"2026-03-19T07:19:42","date_gmt":"2026-03-19T07:19:42","guid":{"rendered":"https:\/\/ferruzca.amarilio.net\/?post_type=product&#038;p=13554"},"modified":"2026-04-08T22:16:42","modified_gmt":"2026-04-08T22:16:42","slug":"cable-monopolar-16awg","status":"publish","type":"product","link":"https:\/\/ferruzca.amarilio.net\/en\/product\/cable-monopolar-16awg\/","title":{"rendered":"CABLE MONOPOLAR 16AWG"},"content":{"rendered":"<p>Monoconductores de PVC,Conductor de cobre desnudo, de acuerdo con DIN VDE 0295 cl.5, hilo fino con aislamiento del conductor de compuesto de PVC tipo TI1. Estos monoconductores son adecuados para el tendido en tuber\u00edas, bajo y sobre la superficie del revoque, as\u00ed como en conductos de instalaci\u00f3n cerrados. No se permite su instalaci\u00f3n en tendido directo sobre bandejas para cables, canales o tanques. Estos tipos se permiten para el cableado interno de equipo, distribuidores y tableros de interruptores, as\u00ed como para el tendido de protecci\u00f3n contra rel\u00e1mpagos con una tensi\u00f3n nominal de hasta 1000 V de corriente alterna o hasta 750 V de corriente continua contra tierra. El producto cumple con la directiva de baja tensi\u00f3n de la Comunidad Europea 2014\/35\/UE.<\/p>","protected":false},"excerpt":{"rendered":"<p>H07V-K\u00a0 1 x 1,5 mm\u00b2 Bobina en caja de cart\u00f3n (100 mts)<\/p>","protected":false},"featured_media":14515,"comment_status":"open","ping_status":"closed","template":"","meta":[],"product_brand":[141],"product_cat":[346],"product_tag":[551],"class_list":{"0":"post-13554","1":"product","2":"type-product","3":"status-publish","4":"has-post-thumbnail","6":"product_brand-helukabel","7":"product_cat-cable-monopolar","8":"product_tag-monoconductor","10":"first","11":"instock","12":"shipping-taxable","13":"purchasable","14":"product-type-variable"},"_links":{"self":[{"href":"https:\/\/ferruzca.amarilio.net\/en\/wp-json\/wp\/v2\/product\/13554","targetHints":{"allow":["GET"]}}],"collection":[{"href":"https:\/\/ferruzca.amarilio.net\/en\/wp-json\/wp\/v2\/product"}],"about":[{"href":"https:\/\/ferruzca.amarilio.net\/en\/wp-json\/wp\/v2\/types\/product"}],"replies":[{"embeddable":true,"href":"https:\/\/ferruzca.amarilio.net\/en\/wp-json\/wp\/v2\/comments?post=13554"}],"wp:featuredmedia":[{"embeddable":true,"href":"https:\/\/ferruzca.amarilio.net\/en\/wp-json\/wp\/v2\/media\/14515"}],"wp:attachment":[{"href":"https:\/\/ferruzca.amarilio.net\/en\/wp-json\/wp\/v2\/media?parent=13554"}],"wp:term":[{"taxonomy":"product_brand","embeddable":true,"href":"https:\/\/ferruzca.amarilio.net\/en\/wp-json\/wp\/v2\/product_brand?post=13554"},{"taxonomy":"product_cat","embeddable":true,"href":"https:\/\/ferruzca.amarilio.net\/en\/wp-json\/wp\/v2\/product_cat?post=13554"},{"taxonomy":"product_tag","embeddable":true,"href":"https:\/\/ferruzca.amarilio.net\/en\/wp-json\/wp\/v2\/product_tag?post=13554"}],"curies":[{"name":"wp","href":"https:\/\/api.w.org\/{rel}","templated":true}]}}